{"id":2264,"date":"2025-09-02T19:33:03","date_gmt":"2025-09-02T19:33:03","guid":{"rendered":"https:\/\/holamediamarketing.com\/?page_id=2264"},"modified":"2025-09-02T19:42:05","modified_gmt":"2025-09-02T19:42:05","slug":"video-services-2","status":"publish","type":"page","link":"https:\/\/holamediamarketing.com\/es\/video-services-2\/","title":{"rendered":"Video Services 2"},"content":{"rendered":"<div  class=\"vc_row wpb_row vc_row-fluid\"><div class=\"wpb_column vc_column_container vc_col-sm-12\"><div class=\"vc_column-inner\"><div class=\"wpb_wrapper\"><div  class =\"seofy_module_spacing\"><div class=\"spacing_size spacing_size-initial\" style=\"height:13px;\"><\/div><\/div>  \n<\/div><\/div><\/div><\/div><div style=\"z-index: 3; \" class=\"vc_row wpb_row vc_row-fluid vc_row-o-content-middle vc_row-flex\"><div class=\"wpb_column vc_column_container vc_col-sm-6\"><div class=\"vc_column-inner\"><div class=\"wpb_wrapper\"><div id=\"seofy_img_layer_69e12dc6bc937\" class=\"seofy_module_img_layer\"><div class=\"img_layer_image_wrapper slide_left\" style=\"z-index:1\"><div class=\"img_layer_item\" ><div class=\"img_layer_image\"><img decoding=\"async\" src=\"https:\/\/holamediamarketing.com\/wp-content\/uploads\/2018\/11\/Image-layer_12.1.png\" alt=\"\" \/><\/div><\/div><\/div><div class=\"img_layer_image_wrapper slide_right\" style=\"z-index:3\"><div class=\"img_layer_item\" ><div class=\"img_layer_image\"><img decoding=\"async\" src=\"https:\/\/holamediamarketing.com\/wp-content\/uploads\/2018\/11\/Image-layer_12.2.png\" alt=\"\" \/><\/div><\/div><\/div><div class=\"img_layer_image_wrapper fade_in\" style=\"z-index:2\"><div class=\"img_layer_item\" ><div class=\"img_layer_image\"><img decoding=\"async\" src=\"https:\/\/holamediamarketing.com\/wp-content\/uploads\/2018\/11\/Image-layer_12.3.png\" alt=\"\" \/><\/div><\/div><\/div><div class=\"img_layer_image_wrapper fade_in\" style=\"z-index:4\"><div class=\"img_layer_item\" ><div class=\"img_layer_image\"><img decoding=\"async\" src=\"https:\/\/holamediamarketing.com\/wp-content\/uploads\/2018\/11\/Image-layer_12.4.png\" alt=\"\" \/><\/div><\/div><\/div><\/div>  \n<div id=\"seofy_spacer_69e12dc6bd0f1\" class =\"seofy_module_spacing responsive_active\"><div class=\"spacing_size spacing_size-initial\" style=\"height:0px;\"><\/div><div class=\"spacing_size spacing_size-tablet\" style=\"height:55px;\"><\/div><\/div>  \n<\/div><\/div><\/div><div class=\"wpb_column vc_column_container vc_col-sm-6 vc_col-lg-offset-1 vc_col-lg-5\"><div class=\"vc_column-inner\"><div class=\"wpb_wrapper\"><div id=\"seofy_dbl_69e12dc6bd3d3\" class=\"seofy_module_double_headings aleft\"><div class=\"heading_title\" style=\"font-size:36px; line-height:1.333; font-weight:800; \"><span class=\"heading_divider\"><\/span><div class=\"heading_title_mobile\" style=\"font-size:33px; line-height: 1.333;\"><div>About Our Video<br \/>\nAdvertising Services<\/div><\/div><\/div><\/div>  \n<div  class =\"seofy_module_spacing\"><div class=\"spacing_size spacing_size-initial\" style=\"height:19px;\"><\/div><\/div>  \n<div class =\"seofy_module_text\" style=\"font-size:18px;line-height:30px;\">In today\u2019s digital world, video is the most powerful way to connect with customers. Our <strong data-start=\"1039\" data-end=\"1069\">Video Advertising Services<\/strong> are designed to help <strong data-start=\"1091\" data-end=\"1147\">contractors, service businesses, and local companies<\/strong> in <strong data-start=\"1151\" data-end=\"1170\">Gwinnett County<\/strong> showcase their services in a professional and engaging way.<\/div>  \n<div  class =\"seofy_module_spacing\"><div class=\"spacing_size spacing_size-initial\" style=\"height:30px;\"><\/div><\/div>  \n<div class=\"vc_tta-container\" data-vc-action=\"collapse\"><div class=\"vc_general vc_tta vc_tta-tabs vc_tta-o-shape-group vc_tta-tabs-position-top vc_tta-controls-align-left\"><div class=\"vc_tta-tabs-container\"><ul class=\"vc_tta-tabs-list\"><li class=\"vc_tta-tab\" data-vc-tab><a href=\"#023-a259433c-8b57\" data-vc-tabs data-vc-container=\".vc_tta\"><span class=\"vc_tta-title-text\">Service Areas<\/span><\/a><\/li><li class=\"vc_tta-tab vc_active\" data-vc-tab><a href=\"#051-45ae-fc01\" data-vc-tabs data-vc-container=\".vc_tta\"><span class=\"vc_tta-title-text\">Who We Work With<\/span><\/a><\/li><\/ul><\/div><div class=\"vc_tta-panels-container\"><div class=\"vc_tta-panels\"><div class=\"vc_tta-panel\" id=\"023-a259433c-8b57\" data-vc-content=\".vc_tta-panel-body\"><div class=\"vc_tta-panel-heading\"><h4 class=\"vc_tta-panel-title\"><a href=\"#023-a259433c-8b57\" data-vc-accordion data-vc-container=\".vc_tta-container\"><span class=\"vc_tta-title-text\">Service Areas<\/span><\/a><\/h4><\/div><div class=\"vc_tta-panel-body\">\n\t<div class=\"wpb_text_column wpb_content_element\" >\n\t\t<div class=\"wpb_wrapper\">\n\t\t\t<ul>\n<li data-start=\"2383\" data-end=\"2395\">Duluth, GA<\/li>\n<li data-start=\"2398\" data-end=\"2412\">Norcross, GA<\/li>\n<li data-start=\"2415\" data-end=\"2428\">Lilburn, GA<\/li>\n<li data-start=\"2431\" data-end=\"2450\">Lawrenceville, GA<\/li>\n<\/ul>\n\n\t\t<\/div>\n\t<\/div>\n<\/div><\/div><div class=\"vc_tta-panel vc_active\" id=\"051-45ae-fc01\" data-vc-content=\".vc_tta-panel-body\"><div class=\"vc_tta-panel-heading\"><h4 class=\"vc_tta-panel-title\"><a href=\"#051-45ae-fc01\" data-vc-accordion data-vc-container=\".vc_tta-container\"><span class=\"vc_tta-title-text\">Who We Work With<\/span><\/a><\/h4><\/div><div class=\"vc_tta-panel-body\">\n\t<div class=\"wpb_text_column wpb_content_element\" >\n\t\t<div class=\"wpb_wrapper\">\n\t\t\t<ul>\n<li data-start=\"2755\" data-end=\"2776\">General Contractors<\/li>\n<li data-start=\"2779\" data-end=\"2788\">Roofers<\/li>\n<li data-start=\"2791\" data-end=\"2801\">Plumbers<\/li>\n<li data-start=\"2804\" data-end=\"2822\">HVAC Specialists<\/li>\n<li data-start=\"2825\" data-end=\"2839\">Electricians<\/li>\n<li data-start=\"2842\" data-end=\"2852\">Painters<\/li>\n<li data-start=\"2855\" data-end=\"2886\">Auto Mechanics &amp; Repair Shops<\/li>\n<li data-start=\"2889\" data-end=\"2906\">Car Dealerships<\/li>\n<\/ul>\n\n\t\t<\/div>\n\t<\/div>\n<\/div><\/div><\/div><\/div><\/div><\/div><\/div><\/div><\/div><\/div><div  class=\"vc_row wpb_row vc_row-fluid\"><div class=\"wpb_column vc_column_container vc_col-sm-12\"><div class=\"vc_column-inner\"><div class=\"wpb_wrapper\"><div  class =\"seofy_module_spacing\"><div class=\"spacing_size spacing_size-initial\" style=\"height:30px;\"><\/div><\/div>  \n<\/div><\/div><\/div><\/div><div  class=\"vc_row wpb_row vc_row-fluid vc_row-o-content-middle vc_row-flex wgl-row-animation\"><div class=\"wpb_column vc_column_container vc_col-sm-5\"><div class=\"vc_column-inner\"><div class=\"wpb_wrapper\"><div id=\"seofy_dbl_69e12dc6beadf\" class=\"seofy_module_double_headings aleft\"><div class=\"heading_title\" style=\"font-size:36px; line-height:1.333; font-weight:800; \"><span class=\"heading_divider\"><\/span><div class=\"heading_title_tablet\" style=\"font-size:34px; line-height: 1.333;\"><div class=\"heading_title_mobile\" style=\"font-size:31px; line-height: 1.333;\"><div>C\u00f3mo puede ayudarle nuestro equipo de producci\u00f3n de v\u00eddeo<\/div><\/div><\/div><\/div><\/div>  \n<div  class =\"seofy_module_spacing\"><div class=\"spacing_size spacing_size-initial\" style=\"height:17px;\"><\/div><\/div>  \n\n\t<div class=\"wpb_text_column wpb_content_element\" >\n\t\t<div class=\"wpb_wrapper\">\n\t\t\t<p>En Hola Media, creamos contenido visual impactante que ayuda a las empresas a destacar, conectar con su audiencia y obtener resultados tangibles. Del guion a la pantalla, ofrecemos videos de alta calidad adaptados a su marca y objetivos.<\/p>\n\n\t\t<\/div>\n\t<\/div>\n<div id=\"seofy_dbl_69e12dc6beba9\" class=\"seofy_module_double_headings aleft\"><div class=\"heading_title\" style=\"font-size:36px; line-height:1.333; font-weight:800; \"><span class=\"heading_divider\"><\/span><div class=\"heading_title_tablet\" style=\"font-size:34px; line-height: 1.333;\"><div class=\"heading_title_mobile\" style=\"font-size:31px; line-height: 1.333;\"><div>Beneficios<\/div><\/div><\/div><\/div><\/div>  \n\n\t<div class=\"wpb_text_column wpb_content_element\" >\n\t\t<div class=\"wpb_wrapper\">\n\t\t\t<p data-start=\"3108\" data-end=\"3170\">Why Choose Hola Media Marketing for Video Ads?<\/p>\n<ul data-start=\"3172\" data-end=\"3518\">\n<li data-start=\"3172\" data-end=\"3237\">\n<p data-start=\"3174\" data-end=\"3237\"><strong data-start=\"3177\" data-end=\"3197\">Boost visibility<\/strong> on Google, YouTube, and social media.<\/p>\n<\/li>\n<li data-start=\"3238\" data-end=\"3302\">\n<p data-start=\"3240\" data-end=\"3302\"><strong data-start=\"3243\" data-end=\"3274\">Build trust and credibility<\/strong> with professional videos.<\/p>\n<\/li>\n<li data-start=\"3303\" data-end=\"3361\">\n<p data-start=\"3305\" data-end=\"3361\"><strong data-start=\"3308\" data-end=\"3340\">Attract more calls and leads<\/strong> with engaging ads.<\/p>\n<\/li>\n<li data-start=\"3362\" data-end=\"3439\">\n<p data-start=\"3364\" data-end=\"3439\"><strong data-start=\"3367\" data-end=\"3394\">Highlight your services<\/strong> in a way that photos and text alone can\u2019t.<\/p>\n<\/li>\n<li data-start=\"3440\" data-end=\"3518\">\n<p data-start=\"3442\" data-end=\"3518\"><strong data-start=\"3445\" data-end=\"3470\">Customized strategies<\/strong> for local contractors and service businesses.<\/p>\n<\/li>\n<\/ul>\n\n\t\t<\/div>\n\t<\/div>\n<div class=\"vc_row wpb_row vc_inner vc_row-fluid\"><div class=\"wpb_column vc_column_container vc_col-sm-6 vc_col-xs-6\"><div class=\"vc_column-inner\"><div class=\"wpb_wrapper\"><div id=\"seofy_counter_69e12dc6bf54c\" class=\"seofy_module_counter type_default layout_top counter_alignment_left\"><div class=\"counter_value_wrap\"  style=\"font-weight:800; \"><span class=\"counter_value\">1200<\/span><span class=\"counter_value_suffix\">+<\/span><\/div><div class=\"counter_title\"  style=\"font-weight:700; \">Producciones completadas<\/div><\/div>    \n<\/div><\/div><\/div><div class=\"wpb_column vc_column_container vc_col-sm-6 vc_col-xs-6\"><div class=\"vc_column-inner\"><div class=\"wpb_wrapper\"><div id=\"seofy_counter_69e12dc6bf65f\" class=\"seofy_module_counter type_default layout_top counter_alignment_left\"><div class=\"counter_value_wrap\"  style=\"font-weight:800; \"><span class=\"counter_value\">156<\/span><span class=\"counter_value_suffix\">+<\/span><\/div><div class=\"counter_title\"  style=\"font-weight:700; \">Clientes exitosos<\/div><\/div>    \n<\/div><\/div><\/div><\/div><div id=\"seofy_spacer_69e12dc6bf6ee\" class =\"seofy_module_spacing responsive_active\"><div class=\"spacing_size spacing_size-initial\" style=\"height:0px;\"><\/div><div class=\"spacing_size spacing_size-tablet\" style=\"height:40px;\"><\/div><\/div>  \n<\/div><\/div><\/div><div class=\"wpb_column vc_column_container vc_col-sm-7\"><div class=\"vc_column-inner\"><div class=\"wpb_wrapper\"><div id=\"seofy_services_69e12dc6bf9cd\" class=\"seofy_module_circuit_services\"><div class=\"services_wrapper\"><div class=\"services_item-wrap\"><div class=\"services_item-icon\"><i class=\"services_icon services_icon-grad1 flaticon-film\" ><\/i><i class=\"services_icon services_icon-grad2 flaticon-film\" ><\/i><\/div><div class=\"services_item-content\"><div class=\"services_subtitle\" >Quick Impact<\/div><h3 class=\"services_title\" >Promo Videos<\/h3><div class=\"services_descr\" >Short and powerful ads to showcase your services.<\/div><\/div><\/div><div class=\"services_item-wrap\"><div class=\"services_item-icon\"><i class=\"services_icon services_icon-grad1 flaticon-play\" ><\/i><i class=\"services_icon services_icon-grad2 flaticon-play\" ><\/i><\/div><div class=\"services_item-content\"><div class=\"services_subtitle\" >Platform Ready<\/div><h3 class=\"services_title\" >Social Media Videos<\/h3><div class=\"services_descr\" >Optimized content for Facebook, Instagram, and TikTok.<\/div><\/div><\/div><div class=\"services_item-wrap\"><div class=\"services_item-icon\"><i class=\"services_icon services_icon-grad1 flaticon-pencil\" ><\/i><i class=\"services_icon services_icon-grad2 flaticon-pencil\" ><\/i><\/div><div class=\"services_item-content\"><div class=\"services_subtitle\" >Educate Simply<\/div><h3 class=\"services_title\" >Explainer Videos<\/h3><div class=\"services_descr\" >Simple and clear videos to educate potential clients.<\/div><\/div><\/div><div class=\"services_item-wrap\"><div class=\"services_item-icon\"><i class=\"services_icon services_icon-grad1 flaticon-rocket\" ><\/i><i class=\"services_icon services_icon-grad2 flaticon-rocket\" ><\/i><\/div><div class=\"services_item-content\"><div class=\"services_subtitle\" >Build Trust<\/div><h3 class=\"services_title\" >Customer Testimonial Videos<\/h3><div class=\"services_descr\" >Show real success stories from satisfied customers.<\/div><\/div><\/div><div class=\"services_item-wrap\"><div class=\"services_item-icon\"><i class=\"services_icon services_icon-grad1 flaticon-world\" ><\/i><i class=\"services_icon services_icon-grad2 flaticon-world\" ><\/i><\/div><div class=\"services_item-content\"><div class=\"services_subtitle\" >Stronger Identity<\/div><h3 class=\"services_title\" >Branding Videos<\/h3><div class=\"services_descr\" >Strengthen your business image with professional visuals.<\/div><\/div><\/div><div class=\"services_item-wrap\"><div class=\"services_item-icon\"><i class=\"services_icon services_icon-grad1 flaticon-graph\" ><\/i><i class=\"services_icon services_icon-grad2 flaticon-graph\" ><\/i><\/div><div class=\"services_item-content\"><div class=\"services_subtitle\" >Targeted Reach<\/div><h3 class=\"services_title\" >YouTube Advertising<\/h3><div class=\"services_descr\" >Attract more customers with strategic video ads.<\/div><\/div><\/div><\/div><\/div><\/div><\/div><\/div><div class=\"extended-parallax\" data-paroller-type=\"foreground\" style=\"top:-44%; left:-44%; \" data-paroller-direction=\"vertical\" data-paroller-factor=\"0.3\" ><img decoding=\"async\" src=\"https:\/\/holamediamarketing.com\/wp-content\/uploads\/2018\/11\/hexagoon_triple.png\" alt=\"\" \/><\/div><\/div><div  class=\"vc_row wpb_row vc_row-fluid\"><div class=\"wpb_column vc_column_container vc_col-sm-12\"><div class=\"vc_column-inner\"><div class=\"wpb_wrapper\"><div  class =\"seofy_module_spacing\"><div class=\"spacing_size spacing_size-initial\" style=\"height:85px;\"><\/div><\/div>  \n<div class=\"seofy_module_clients clearfix item_anim-ex_images\"><div class=\"seofy_module_carousel-wrapper\"><div id=\"seofy_carousel_69e12dc6c1385\" class=\"seofy_module_carousel pag_align_center\"><div class=\"seofy_carousel_slick\" data-slick='{\"slidesToShow\":5,\"slidesToScroll\":1,\"infinite\":true,\"autoplay\":true,\"autoplaySpeed\":\"3000\",\"speed\":300,\"arrows\":false,\"dots\":false,\"adaptiveHeight\":false,\"responsive\":[{\"breakpoint\":1025,\"settings\":{\"slidesToShow\":3,\"slidesToScroll\":1}},{\"breakpoint\":800,\"settings\":{\"slidesToShow\":2,\"slidesToScroll\":1}},{\"breakpoint\":480,\"settings\":{\"slidesToShow\":1,\"slidesToScroll\":1}}]}'><div class=\"clients_image\"><a href=\"http:\/\/holamediamarketing.com\/es\/clients\/\"  class=\"image_link\" ><img decoding=\"async\" class=\"main_image\" src=\"https:\/\/holamediamarketing.com\/wp-content\/uploads\/2018\/11\/Client_1_maxpaper_filter.png\" alt=\"\" \/><img decoding=\"async\" class=\"hover_image\" src=\"https:\/\/holamediamarketing.com\/wp-content\/uploads\/2018\/11\/Client_1_maxpaper.png\" alt=\"\" \/><\/a><\/div><div class=\"clients_image\"><a href=\"http:\/\/holamediamarketing.com\/es\/clients\/\"  class=\"image_link\" ><img decoding=\"async\" class=\"main_image\" src=\"https:\/\/holamediamarketing.com\/wp-content\/uploads\/2018\/11\/Client_2_laborator_filter.png\" alt=\"\" \/><img decoding=\"async\" class=\"hover_image\" src=\"https:\/\/holamediamarketing.com\/wp-content\/uploads\/2018\/11\/Client_2_laborator.png\" alt=\"\" \/><\/a><\/div><div class=\"clients_image\"><a href=\"http:\/\/holamediamarketing.com\/es\/clients\/\"  class=\"image_link\" ><img decoding=\"async\" class=\"main_image\" src=\"https:\/\/holamediamarketing.com\/wp-content\/uploads\/2018\/11\/Client_3_honeyhosting_filter.png\" alt=\"\" \/><img decoding=\"async\" class=\"hover_image\" src=\"https:\/\/holamediamarketing.com\/wp-content\/uploads\/2018\/11\/Client_3_honeyhosting.png\" alt=\"\" \/><\/a><\/div><div class=\"clients_image\"><a href=\"http:\/\/holamediamarketing.com\/es\/clients\/\"  class=\"image_link\" ><img decoding=\"async\" class=\"main_image\" src=\"https:\/\/holamediamarketing.com\/wp-content\/uploads\/2018\/11\/Client_4_cryptonite_filter.png\" alt=\"\" \/><img decoding=\"async\" class=\"hover_image\" src=\"https:\/\/holamediamarketing.com\/wp-content\/uploads\/2018\/11\/Client_4_cryptonite.png\" alt=\"\" \/><\/a><\/div><div class=\"clients_image\"><a href=\"http:\/\/holamediamarketing.com\/es\/clients\/\"  class=\"image_link\" ><img decoding=\"async\" class=\"main_image\" src=\"https:\/\/holamediamarketing.com\/wp-content\/uploads\/2018\/11\/Client_5_dynamic_filter.png\" alt=\"\" \/><img decoding=\"async\" class=\"hover_image\" src=\"https:\/\/holamediamarketing.com\/wp-content\/uploads\/2018\/11\/Client_5_dynamic.png\" alt=\"\" \/><\/a><\/div><div class=\"clients_image\"><a href=\"http:\/\/holamediamarketing.com\/es\/clients\/\"  class=\"image_link\" ><img decoding=\"async\" class=\"main_image\" src=\"https:\/\/holamediamarketing.com\/wp-content\/uploads\/2018\/12\/lient_6_deters_filter-1.png\" alt=\"\" \/><img decoding=\"async\" class=\"hover_image\" src=\"https:\/\/holamediamarketing.com\/wp-content\/uploads\/2018\/12\/lient_6_deters-1.png\" alt=\"\" \/><\/a><\/div><\/div><\/div><\/div><\/div><div  class =\"seofy_module_spacing\"><div class=\"spacing_size spacing_size-initial\" style=\"height:24px;\"><\/div><\/div>  \n<\/div><\/div><\/div><\/div><div  class=\"vc_row wpb_row vc_row-fluid\"><div class=\"wpb_column vc_column_container vc_col-sm-4\"><div class=\"vc_column-inner\"><div class=\"wpb_wrapper\">\n\t<div class=\"wpb_video_widget wpb_content_element vc_clearfix   vc_video-aspect-ratio-916 vc_video-el-width-100 vc_video-align-left\" >\n\t\t<div class=\"wpb_wrapper\">\n\t\t\t\n\t\t\t<div class=\"wpb_video_wrapper\"><iframe loading=\"lazy\" title=\"Dominate Local SEO Now VEED\" width=\"500\" height=\"281\" src=\"https:\/\/www.youtube.com\/embed\/Mh7hvCnhCQw?feature=oembed\" frameborder=\"0\" allow=\"accelerometer; autoplay; clipboard-write; encrypted-media; gyroscope; picture-in-picture; web-share\" referrerpolicy=\"strict-origin-when-cross-origin\" allowfullscreen><\/iframe><\/div>\n\t\t<\/div>\n\t<\/div>\n<\/div><\/div><\/div><div class=\"wpb_column vc_column_container vc_col-sm-4\"><div class=\"vc_column-inner\"><div class=\"wpb_wrapper\">\n\t<div class=\"wpb_video_widget wpb_content_element vc_clearfix   vc_video-aspect-ratio-916 vc_video-el-width-100 vc_video-align-left\" >\n\t\t<div class=\"wpb_wrapper\">\n\t\t\t\n\t\t\t<div class=\"wpb_video_wrapper\"><iframe loading=\"lazy\" title=\"Dominate Local SEO Now VEED\" width=\"500\" height=\"281\" src=\"https:\/\/www.youtube.com\/embed\/Mh7hvCnhCQw?feature=oembed\" frameborder=\"0\" allow=\"accelerometer; autoplay; clipboard-write; encrypted-media; gyroscope; picture-in-picture; web-share\" referrerpolicy=\"strict-origin-when-cross-origin\" allowfullscreen><\/iframe><\/div>\n\t\t<\/div>\n\t<\/div>\n<\/div><\/div><\/div><div class=\"wpb_column vc_column_container vc_col-sm-4\"><div class=\"vc_column-inner\"><div class=\"wpb_wrapper\">\n\t<div class=\"wpb_video_widget wpb_content_element vc_clearfix   vc_video-aspect-ratio-916 vc_video-el-width-100 vc_video-align-left\" >\n\t\t<div class=\"wpb_wrapper\">\n\t\t\t\n\t\t\t<div class=\"wpb_video_wrapper\"><iframe loading=\"lazy\" title=\"Dominate Local SEO Now VEED\" width=\"500\" height=\"281\" src=\"https:\/\/www.youtube.com\/embed\/Mh7hvCnhCQw?feature=oembed\" frameborder=\"0\" allow=\"accelerometer; autoplay; clipboard-write; encrypted-media; gyroscope; picture-in-picture; web-share\" referrerpolicy=\"strict-origin-when-cross-origin\" allowfullscreen><\/iframe><\/div>\n\t\t<\/div>\n\t<\/div>\n<\/div><\/div><\/div><\/div><div  class=\"vc_row wpb_row vc_row-fluid\"><div class=\"wpb_column vc_column_container vc_col-sm-12\"><div class=\"vc_column-inner\"><div class=\"wpb_wrapper\"><div  class=\"seofy_module_testimonials type_author_top_inline item_alignment_center\"><div class=\"testimonials_item vc_col-md-3\"><div class=\"testimonials_item_wrap\"><div class=\"testimonials_content_wrap\"><div class=\"testimonials_meta_wrap\"><div class=\"testimonials_image\"><img decoding=\"async\" src=\"https:\/\/holamediamarketing.com\/wp-content\/uploads\/2019\/06\/web_marketing_section_3_1-150x150.png\" alt=\"John Smith photo\" style=\"width:75px; \"><\/div><div class=\"testimonials_name_wrap\"><h3 class=\"testimonials_name\" >John Smith<\/h3><span class=\"testimonials_status\" >Owner, Smith Roofing LLC \u2013 Duluth, GA<\/span><\/div><\/div><div class=\"testimonials_quote\" >The promo video Hola Media Marketing created for us was a game-changer. <\/div><\/div><\/div><\/div><div class=\"testimonials_item vc_col-md-3\"><div class=\"testimonials_item_wrap\"><div class=\"testimonials_content_wrap\"><div class=\"testimonials_meta_wrap\"><div class=\"testimonials_image\"><img decoding=\"async\" src=\"https:\/\/holamediamarketing.com\/wp-content\/uploads\/2019\/06\/web_marketing_section_3_1-150x150.png\" alt=\"John Smith photo\" style=\"width:75px; \"><\/div><div class=\"testimonials_name_wrap\"><h3 class=\"testimonials_name\" >John Smith<\/h3><span class=\"testimonials_status\" >Owner, Smith Roofing LLC \u2013 Duluth, GA<\/span><\/div><\/div><div class=\"testimonials_quote\" >The promo video Hola Media Marketing created for us was a game-changer. <\/div><\/div><\/div><\/div><div class=\"testimonials_item vc_col-md-3\"><div class=\"testimonials_item_wrap\"><div class=\"testimonials_content_wrap\"><div class=\"testimonials_meta_wrap\"><div class=\"testimonials_image\"><img decoding=\"async\" src=\"https:\/\/holamediamarketing.com\/wp-content\/uploads\/2019\/06\/web_marketing_section_3_1-150x150.png\" alt=\"John Smith photo\" style=\"width:75px; \"><\/div><div class=\"testimonials_name_wrap\"><h3 class=\"testimonials_name\" >John Smith<\/h3><span class=\"testimonials_status\" >Owner, Smith Roofing LLC \u2013 Duluth, GA<\/span><\/div><\/div><div class=\"testimonials_quote\" >The promo video Hola Media Marketing created for us was a game-changer. <\/div><\/div><\/div><\/div><div class=\"testimonials_item vc_col-md-3\"><div class=\"testimonials_item_wrap\"><div class=\"testimonials_content_wrap\"><div class=\"testimonials_meta_wrap\"><div class=\"testimonials_image\"><img decoding=\"async\" src=\"https:\/\/holamediamarketing.com\/wp-content\/uploads\/2019\/06\/web_marketing_section_3_1-150x150.png\" alt=\"John Smith photo\" style=\"width:75px; \"><\/div><div class=\"testimonials_name_wrap\"><h3 class=\"testimonials_name\" >John Smith<\/h3><span class=\"testimonials_status\" >Owner, Smith Roofing LLC \u2013 Duluth, GA<\/span><\/div><\/div><div class=\"testimonials_quote\" >The promo video Hola Media Marketing created for us was a game-changer. <\/div><\/div><\/div><\/div><\/div><\/div><\/div><\/div><\/div>","protected":false},"excerpt":{"rendered":"About Our Video Advertising Services In today\u2019s digital world, video is the most powerful way to connect with customers. Our Video Advertising Services are designed to help contractors, service businesses, and local companies in Gwinnett County showcase their services in a professional and engaging way. Service AreasWho We Work WithService Areas Duluth, GA Norcross, GA [...]","protected":false},"author":2,"featured_media":0,"parent":0,"menu_order":0,"comment_status":"closed","ping_status":"closed","template":"","meta":{"footnotes":""},"class_list":["post-2264","page","type-page","status-publish","hentry"],"_links":{"self":[{"href":"https:\/\/holamediamarketing.com\/es\/wp-json\/wp\/v2\/pages\/2264","targetHints":{"allow":["GET"]}}],"collection":[{"href":"https:\/\/holamediamarketing.com\/es\/wp-json\/wp\/v2\/pages"}],"about":[{"href":"https:\/\/holamediamarketing.com\/es\/wp-json\/wp\/v2\/types\/page"}],"author":[{"embeddable":true,"href":"https:\/\/holamediamarketing.com\/es\/wp-json\/wp\/v2\/users\/2"}],"replies":[{"embeddable":true,"href":"https:\/\/holamediamarketing.com\/es\/wp-json\/wp\/v2\/comments?post=2264"}],"version-history":[{"count":5,"href":"https:\/\/holamediamarketing.com\/es\/wp-json\/wp\/v2\/pages\/2264\/revisions"}],"predecessor-version":[{"id":2271,"href":"https:\/\/holamediamarketing.com\/es\/wp-json\/wp\/v2\/pages\/2264\/revisions\/2271"}],"wp:attachment":[{"href":"https:\/\/holamediamarketing.com\/es\/wp-json\/wp\/v2\/media?parent=2264"}],"curies":[{"name":"wp","href":"https:\/\/api.w.org\/{rel}","templated":true}]}}