{"id":2282,"date":"2025-09-03T13:30:19","date_gmt":"2025-09-03T13:30:19","guid":{"rendered":"https:\/\/holamediamarketing.com\/?page_id=2282"},"modified":"2025-09-03T13:30:19","modified_gmt":"2025-09-03T13:30:19","slug":"about-us-2","status":"publish","type":"page","link":"https:\/\/holamediamarketing.com\/es\/about-us-2\/","title":{"rendered":"About Us 2"},"content":{"rendered":"<div  data-vc-full-width=\"true\" data-vc-full-width-init=\"false\" class=\"vc_row wpb_row vc_row-fluid\"><div class=\"wpb_column vc_column_container vc_col-sm-12\"><div class=\"vc_column-inner\"><div class=\"wpb_wrapper\"><div id=\"seofy_spacer_69e0505b0f5b7\" class =\"seofy_module_spacing responsive_active\"><div class=\"spacing_size spacing_size-initial\" style=\"height:25px;\"><\/div><div class=\"spacing_size spacing_size-tablet\" style=\"height:0px;\"><\/div><\/div>  \n<div class=\"vc_row wpb_row vc_inner vc_row-fluid vc_row-o-equal-height vc_row-o-content-middle vc_row-flex\"><div class=\"wpb_column vc_column_container vc_col-sm-6 vc_col-lg-5\"><div class=\"vc_column-inner\"><div class=\"wpb_wrapper\"><div id=\"seofy_dbl_69e0505b0facc\" class=\"seofy_module_double_headings aleft\"><div class=\"heading_title\" style=\"font-size:36px; line-height:1.333; font-weight:800; \"><span class=\"heading_divider\"><\/span><div class=\"heading_title_mobile\" style=\"font-size:33px; line-height: 1.333;\"><div>Tu SEO local de confianza<br \/>\n&amp; Socio de marketing de v\u00eddeo<\/div><\/div><\/div><\/div>  \n<div  class =\"seofy_module_spacing\"><div class=\"spacing_size spacing_size-initial\" style=\"height:20px;\"><\/div><\/div>  \n<div class =\"seofy_module_text\" style=\"font-size:18px;line-height:30px;\">\n<p data-start=\"326\" data-end=\"496\">Somos un equipo apasionado de consultores con experiencia, especializados en SEO local y contenido de video profesional. Nuestra misi\u00f3n es ayudar a que tu negocio sea visible y destaque.<\/p>\n<\/div>  \n<div  class =\"seofy_module_spacing\"><div class=\"spacing_size spacing_size-initial\" style=\"height:18px;\"><\/div><\/div>  \n<div class =\"seofy_module_text\" style=\"font-size:18px;line-height:30px;\">Hemos desarrollado estrategias espec\u00edficas para promover peque\u00f1as y medianas empresas en Estados Unidos y Am\u00e9rica Latina.<\/div>  \n<div  class =\"seofy_module_spacing\"><div class=\"spacing_size spacing_size-initial\" style=\"height:40px;\"><\/div><\/div>  \n<div id=\"seofy_button_69e0505b10159\" class=\"seofy_module_button wgl_button wgl_button-xl button_gradient aleft\"><a href=\"https:\/\/holamediamarketing.com\/es\/contact-us\/\" title='Contacto' style=\"border-width:1px; \" class=\"wgl_button_link\">Contacto<span class=\"button_border_gradient\"><\/span><\/a><\/div>\n<div id=\"seofy_spacer_69e0505b101d0\" class =\"seofy_module_spacing responsive_active\"><div class=\"spacing_size spacing_size-initial\" style=\"height:40px;\"><\/div><div class=\"spacing_size spacing_size-tablet\" style=\"height:55px;\"><\/div><\/div>  \n<\/div><\/div><\/div><div class=\"wpb_column vc_column_container vc_col-sm-6 vc_col-lg-offset-1 vc_col-md-offset-0\"><div class=\"vc_column-inner\"><div class=\"wpb_wrapper\">\n\t<div class=\"wpb_text_column wpb_content_element\" >\n\t\t<div class=\"wpb_wrapper\">\n\t\t\t<p><img loading=\"lazy\" decoding=\"async\" class=\"size-full wp-image-1131 aligncenter\" src=\"https:\/\/holamediamarketing.com\/wp-content\/uploads\/2018\/11\/about_us.jpg\" alt=\"\" width=\"467\" height=\"485\" srcset=\"https:\/\/holamediamarketing.com\/wp-content\/uploads\/2018\/11\/about_us.jpg 467w, https:\/\/holamediamarketing.com\/wp-content\/uploads\/2018\/11\/about_us-289x300.jpg 289w\" sizes=\"auto, (max-width: 467px) 100vw, 467px\" \/><\/p>\n\n\t\t<\/div>\n\t<\/div>\n<div  class =\"seofy_module_spacing\"><div class=\"spacing_size spacing_size-initial\" style=\"height:35px;\"><\/div><\/div>  \n<\/div><\/div><\/div><\/div><div id=\"seofy_spacer_69e0505b103ba\" class =\"seofy_module_spacing responsive_active\"><div class=\"spacing_size spacing_size-initial\" style=\"height:80px;\"><\/div><div class=\"spacing_size spacing_size-tablet\" style=\"height:15px;\"><\/div><\/div>  \n<\/div><\/div><\/div><\/div><div class=\"vc_row-full-width vc_clearfix\"><\/div><div  data-vc-full-width=\"true\" data-vc-full-width-init=\"false\" class=\"vc_row wpb_row vc_row-fluid vc_custom_1542703433555 vc_row-has-fill\"><div class=\"wpb_column vc_column_container vc_col-sm-12 vc_col-lg-offset-3 vc_col-lg-6\"><div class=\"vc_column-inner\"><div class=\"wpb_wrapper\"><div id=\"seofy_spacer_69e0505b105e2\" class =\"seofy_module_spacing responsive_active\"><div class=\"spacing_size spacing_size-initial\" style=\"height:55px;\"><\/div><div class=\"spacing_size spacing_size-tablet\" style=\"height:30px;\"><\/div><\/div>  \n<div id=\"seofy_dbl_69e0505b1061b\" class=\"seofy_module_double_headings acenter\"><div class=\"heading_title\" style=\"font-size:36px; line-height:1.333; font-weight:800; \"><span class=\"heading_divider\"><\/span><div class=\"heading_title_mobile\" style=\"font-size:34px; line-height: 1.333;\"><div>Lo que nos distingue<\/div><\/div><\/div><\/div>  \n<div  class =\"seofy_module_spacing\"><div class=\"spacing_size spacing_size-initial\" style=\"height:10px;\"><\/div><\/div>  \n<div class =\"seofy_module_text\" style=\"font-size:18px;line-height:30px;\">\n<p style=\"text-align: center;\">En Hola Media Marketing, vamos m\u00e1s all\u00e1 de las herramientas digitales tradicionales. Nuestro equipo ofrece estrategias de alto impacto mediante SEO local, contenido inteligente y narrativa visual.<\/p>\n<\/div>  \n<div  class =\"seofy_module_spacing\"><div class=\"spacing_size spacing_size-initial\" style=\"height:276px;\"><\/div><\/div>  \n<\/div><\/div><\/div><\/div><div class=\"vc_row-full-width vc_clearfix\"><\/div><div  class=\"vc_row wpb_row vc_row-fluid\"><div class=\"wpb_column vc_column_container vc_col-sm-12\"><div class=\"vc_column-inner vc_custom_1542801858058\"><div class=\"wpb_wrapper\"><div class=\"vc_row wpb_row vc_inner vc_row-fluid\"><div class=\"wpb_column vc_column_container vc_col-sm-6 vc_col-md-4\"><div class=\"vc_column-inner\"><div class=\"wpb_wrapper\"><div id=\"seofy_services_69e0505b10a4d\" class=\"seofy_module_services_3\"><div class=\"services_wrapper\"><div class=\"services_icon_wrapper\"><div class=\"seofy_hexagon\"><svg style=\"filter: drop-shadow(4px 5px 4px rgba(255,167,5,0.3)); fill: #ffa705;\" xmlns=\"http:\/\/www.w3.org\/2000\/svg\" viewbox=\"0 0 177.4 197.4\"><path d=\"M0,58.4v79.9c0,6.5,3.5,12.6,9.2,15.8l70.5,40.2c5.6,3.2,12.4,3.2,18,0l70.5-40.2c5.7-3.2,9.2-9.3,9.2-15.8V58.4 c0-6.5-3.5-12.6-9.2-15.8L97.7,2.4c-5.6-3.2-12.4-3.2-18,0L9.2,42.5C3.5,45.8,0,51.8,0,58.4z\"\/><\/svg><\/div><div class=\"seofy_hexagon\"><svg style=\"filter: drop-shadow(4px 5px 4px rgba(255,86,0,0.3)); fill: #ff5600;\" xmlns=\"http:\/\/www.w3.org\/2000\/svg\" viewbox=\"0 0 177.4 197.4\"><path d=\"M0,58.4v79.9c0,6.5,3.5,12.6,9.2,15.8l70.5,40.2c5.6,3.2,12.4,3.2,18,0l70.5-40.2c5.7-3.2,9.2-9.3,9.2-15.8V58.4 c0-6.5-3.5-12.6-9.2-15.8L97.7,2.4c-5.6-3.2-12.4-3.2-18,0L9.2,42.5C3.5,45.8,0,51.8,0,58.4z\"\/><\/svg><\/div><i class=\"services_icon flaticon-analytics\" ><\/i><\/div><div class=\"services_content\"><h3 class=\"services_title\" >Estrategia y consultor\u00eda de SEO local<\/h3><div class=\"services_content\" >Le ayudamos a definir objetivos SEO claros y a crear estrategias localizadas adaptadas a su mercado.<\/div><\/div><a class=\"services_button button-read-more\" href=\"#\"><\/a><\/div><\/div><div  class =\"seofy_module_spacing\"><div class=\"spacing_size spacing_size-initial\" style=\"height:35px;\"><\/div><\/div>  \n<\/div><\/div><\/div><div class=\"wpb_column vc_column_container vc_col-sm-6 vc_col-md-4\"><div class=\"vc_column-inner\"><div class=\"wpb_wrapper\"><div id=\"seofy_services_69e0505b10b53\" class=\"seofy_module_services_3\"><div class=\"services_wrapper\"><div class=\"services_icon_wrapper\"><div class=\"seofy_hexagon\"><svg style=\"filter: drop-shadow(4px 5px 4px rgba(82,172,250,0.3)); fill: #52acfa;\" xmlns=\"http:\/\/www.w3.org\/2000\/svg\" viewbox=\"0 0 177.4 197.4\"><path d=\"M0,58.4v79.9c0,6.5,3.5,12.6,9.2,15.8l70.5,40.2c5.6,3.2,12.4,3.2,18,0l70.5-40.2c5.7-3.2,9.2-9.3,9.2-15.8V58.4 c0-6.5-3.5-12.6-9.2-15.8L97.7,2.4c-5.6-3.2-12.4-3.2-18,0L9.2,42.5C3.5,45.8,0,51.8,0,58.4z\"\/><\/svg><\/div><div class=\"seofy_hexagon\"><svg style=\"filter: drop-shadow(4px 5px 4px rgba(50,36,233,0.3)); fill: #3224e9;\" xmlns=\"http:\/\/www.w3.org\/2000\/svg\" viewbox=\"0 0 177.4 197.4\"><path d=\"M0,58.4v79.9c0,6.5,3.5,12.6,9.2,15.8l70.5,40.2c5.6,3.2,12.4,3.2,18,0l70.5-40.2c5.7-3.2,9.2-9.3,9.2-15.8V58.4 c0-6.5-3.5-12.6-9.2-15.8L97.7,2.4c-5.6-3.2-12.4-3.2-18,0L9.2,42.5C3.5,45.8,0,51.8,0,58.4z\"\/><\/svg><\/div><i class=\"services_icon flaticon-project\" ><\/i><\/div><div class=\"services_content\"><h3 class=\"services_title\" >Marketing de contenidos y v\u00eddeo<\/h3><div class=\"services_content\" >Nuestro equipo creativo produce contenido atractivo, incluidos videos profesionales, para generar tr\u00e1fico y generar confianza.<\/div><\/div><a class=\"services_button button-read-more\" href=\"#\"><\/a><\/div><\/div><div  class =\"seofy_module_spacing\"><div class=\"spacing_size spacing_size-initial\" style=\"height:35px;\"><\/div><\/div>  \n<\/div><\/div><\/div><div class=\"wpb_column vc_column_container vc_col-sm-6 vc_col-md-offset-0 vc_col-md-4 vc_col-sm-offset-3\"><div class=\"vc_column-inner\"><div class=\"wpb_wrapper\"><div id=\"seofy_services_69e0505b10c1e\" class=\"seofy_module_services_3\"><div class=\"services_wrapper\"><div class=\"services_icon_wrapper\"><div class=\"seofy_hexagon\"><svg style=\"filter: drop-shadow(4px 5px 4px rgba(105,233,242,0.3)); fill: #69e9f2;\" xmlns=\"http:\/\/www.w3.org\/2000\/svg\" viewbox=\"0 0 177.4 197.4\"><path d=\"M0,58.4v79.9c0,6.5,3.5,12.6,9.2,15.8l70.5,40.2c5.6,3.2,12.4,3.2,18,0l70.5-40.2c5.7-3.2,9.2-9.3,9.2-15.8V58.4 c0-6.5-3.5-12.6-9.2-15.8L97.7,2.4c-5.6-3.2-12.4-3.2-18,0L9.2,42.5C3.5,45.8,0,51.8,0,58.4z\"\/><\/svg><\/div><div class=\"seofy_hexagon\"><svg style=\"filter: drop-shadow(4px 5px 4px rgba(18,175,254,0.3)); fill: #12affe;\" xmlns=\"http:\/\/www.w3.org\/2000\/svg\" viewbox=\"0 0 177.4 197.4\"><path d=\"M0,58.4v79.9c0,6.5,3.5,12.6,9.2,15.8l70.5,40.2c5.6,3.2,12.4,3.2,18,0l70.5-40.2c5.7-3.2,9.2-9.3,9.2-15.8V58.4 c0-6.5-3.5-12.6-9.2-15.8L97.7,2.4c-5.6-3.2-12.4-3.2-18,0L9.2,42.5C3.5,45.8,0,51.8,0,58.4z\"\/><\/svg><\/div><i class=\"services_icon flaticon-key-1\" ><\/i><\/div><div class=\"services_content\"><h3 class=\"services_title\" >Investigaci\u00f3n inteligente de palabras clave<\/h3><div class=\"services_content\" >Realizamos investigaciones de mercado y palabras clave en profundidad para llegar a la audiencia adecuada y maximizar el ROI.<\/div><\/div><a class=\"services_button button-read-more\" href=\"#\"><\/a><\/div><\/div><div  class =\"seofy_module_spacing\"><div class=\"spacing_size spacing_size-initial\" style=\"height:35px;\"><\/div><\/div>  \n<\/div><\/div><\/div><\/div><div id=\"seofy_spacer_69e0505b10cbb\" class =\"seofy_module_spacing responsive_active\"><div class=\"spacing_size spacing_size-initial\" style=\"height:64px;\"><\/div><div class=\"spacing_size spacing_size-tablet\" style=\"height:45px;\"><\/div><\/div>  \n<\/div><\/div><\/div><\/div>","protected":false},"excerpt":{"rendered":"Your Trusted Local SEO &amp; Video Marketing Partner We\u2019re a passionate team of experienced consultants specializing in local SEO and professional video content. Our mission is to help your business get found and stand out. We\u2019ve developed targeted strategies to promote small and mid-sized businesses across the United States and Latin America. Contact Us What [...]","protected":false},"author":2,"featured_media":0,"parent":0,"menu_order":0,"comment_status":"closed","ping_status":"closed","template":"","meta":{"footnotes":""},"class_list":["post-2282","page","type-page","status-publish","hentry"],"_links":{"self":[{"href":"https:\/\/holamediamarketing.com\/es\/wp-json\/wp\/v2\/pages\/2282","targetHints":{"allow":["GET"]}}],"collection":[{"href":"https:\/\/holamediamarketing.com\/es\/wp-json\/wp\/v2\/pages"}],"about":[{"href":"https:\/\/holamediamarketing.com\/es\/wp-json\/wp\/v2\/types\/page"}],"author":[{"embeddable":true,"href":"https:\/\/holamediamarketing.com\/es\/wp-json\/wp\/v2\/users\/2"}],"replies":[{"embeddable":true,"href":"https:\/\/holamediamarketing.com\/es\/wp-json\/wp\/v2\/comments?post=2282"}],"version-history":[{"count":1,"href":"https:\/\/holamediamarketing.com\/es\/wp-json\/wp\/v2\/pages\/2282\/revisions"}],"predecessor-version":[{"id":2283,"href":"https:\/\/holamediamarketing.com\/es\/wp-json\/wp\/v2\/pages\/2282\/revisions\/2283"}],"wp:attachment":[{"href":"https:\/\/holamediamarketing.com\/es\/wp-json\/wp\/v2\/media?parent=2282"}],"curies":[{"name":"wp","href":"https:\/\/api.w.org\/{rel}","templated":true}]}}