{"id":450,"date":"2018-11-20T13:27:59","date_gmt":"2018-11-20T13:27:59","guid":{"rendered":"https:\/\/seofy.wgl-demo.net\/?page_id=450"},"modified":"2025-07-31T19:05:13","modified_gmt":"2025-07-31T19:05:13","slug":"contact-us","status":"publish","type":"page","link":"https:\/\/holamediamarketing.com\/es\/contact-us\/","title":{"rendered":"Contacto"},"content":{"rendered":"<div  class=\"vc_row wpb_row vc_row-fluid\"><div class=\"wpb_column vc_column_container vc_col-sm-6\"><div class=\"vc_column-inner\"><div class=\"wpb_wrapper\"><div id=\"seofy_dbl_69e03f44b32d9\" class=\"seofy_module_double_headings aleft\"><div class=\"heading_title\" style=\"font-size:36px; line-height:1.333; font-weight:800; \"><span class=\"heading_divider\"><\/span><div>Cont\u00e1ctanos<\/div><\/div><\/div>  \n<div  class =\"seofy_module_spacing\"><div class=\"spacing_size spacing_size-initial\" style=\"height:20px;\"><\/div><\/div>  \n<div class =\"seofy_module_text\" style=\"font-size:18px;line-height:30px;\">\n<p data-start=\"204\" data-end=\"341\"><strong data-start=\"204\" data-end=\"228\">Hola Media Marketing<\/strong> Es una agencia orientada a resultados especializada en estrategias digitales para SEO local y producci\u00f3n de video profesional.<\/p>\n<p data-start=\"343\" data-end=\"473\">Trabajamos con empresas en Estados Unidos y Latinoam\u00e9rica. Cont\u00e1ctanos hoy mismo para descubrir c\u00f3mo podemos impulsar tu marca en l\u00ednea.<\/p>\n<\/div>  \n<div  class =\"seofy_module_spacing\"><div class=\"spacing_size spacing_size-initial\" style=\"height:26px;\"><\/div><\/div>  \n<div  class =\"seofy_module_spacing\"><div class=\"spacing_size spacing_size-initial\" style=\"height:21px;\"><\/div><\/div>  \n<div id=\"seofy_infobox_69e03f44b3c00\" class=\"seofy_module_infobox type_default layout_left infobox_alignment_left\"><div class=\"infobox_wrapper\"><div class=\"infobox_icon_wrapper\"  style=\"margin-right:25px; \"><div class=\"infobox_icon_container\" style=\"width:50px; height:50px; \"><i class=\"infobox_icon flaticon-mail\"  style=\"font-size:25px;\"><\/i><\/div><\/div><div class=\"infobox_content_wrapper\"><h3 class=\"infobox_title\"  style=\"font-size:18px; font-weight:700; margin-bottom:0px; \">Env\u00edenos un correo electr\u00f3nico:<\/h3><div class=\"infobox_content\" style=\"font-size:18px; \">holamediapromos@gmail.com<\/div><\/div><\/div><\/div><div  class =\"seofy_module_spacing\"><div class=\"spacing_size spacing_size-initial\" style=\"height:21px;\"><\/div><\/div>  \n<div id=\"seofy_infobox_69e03f44b3d97\" class=\"seofy_module_infobox type_default layout_left infobox_alignment_left\"><div class=\"infobox_wrapper\"><div class=\"infobox_icon_wrapper\"  style=\"margin-right:25px; \"><div class=\"infobox_icon_container\" style=\"width:50px; height:50px; \"><i class=\"infobox_icon flaticon-phone\"  style=\"font-size:25px;\"><\/i><\/div><\/div><div class=\"infobox_content_wrapper\"><h3 class=\"infobox_title\"  style=\"font-size:18px; font-weight:700; margin-bottom:0px; \">Ll\u00e1manos:<\/h3><div class=\"infobox_content\" style=\"font-size:18px; \">+1 (770) 744-6588<\/div><\/div><\/div><\/div><div  class =\"seofy_module_spacing\"><div class=\"spacing_size spacing_size-initial\" style=\"height:21px;\"><\/div><\/div>  \n<\/div><\/div><\/div><div class=\"wpb_column vc_column_container vc_col-sm-6\"><div class=\"vc_column-inner vc_custom_1542726949648\"><div class=\"wpb_wrapper\">\n\t<div class=\"wpb_text_column wpb_content_element  vc_custom_1632760661282 box-shadow\" >\n\t\t<div class=\"wpb_wrapper\">\n\t\t\t<h4 style=\"margin-bottom: 30px;\"><span>Programemos una hora para hablar.<\/span><\/h4>\n\n<div class=\"wpcf7 no-js\" id=\"wpcf7-f466-o1\" lang=\"en-US\" dir=\"ltr\" data-wpcf7-id=\"466\">\n<div class=\"screen-reader-response\"><p role=\"status\" aria-live=\"polite\" aria-atomic=\"true\"><\/p> <ul><\/ul><\/div>\n<form action=\"\/es\/wp-json\/wp\/v2\/pages\/450#wpcf7-f466-o1\" method=\"post\" class=\"wpcf7-form init\" aria-label=\"Contact form\" novalidate=\"novalidate\" data-status=\"init\" data-trp-original-action=\"\/es\/wp-json\/wp\/v2\/pages\/450#wpcf7-f466-o1\">\n<fieldset class=\"hidden-fields-container\"><input type=\"hidden\" name=\"_wpcf7\" value=\"466\" \/><input type=\"hidden\" name=\"_wpcf7_version\" value=\"6.1.1\" \/><input type=\"hidden\" name=\"_wpcf7_locale\" value=\"en_US\" \/><input type=\"hidden\" name=\"_wpcf7_unit_tag\" value=\"wpcf7-f466-o1\" \/><input type=\"hidden\" name=\"_wpcf7_container_post\" value=\"0\" \/><input type=\"hidden\" name=\"_wpcf7_posted_data_hash\" value=\"\" \/>\n<\/fieldset>\n<div class='row'>\n\t<div class='wgl_col-12'>\n\t\t<p><span class=\"wpcf7-form-control-wrap\" data-name=\"text-759\"><input size=\"40\" maxlength=\"400\" class=\"wpcf7-form-control wpcf7-text\" aria-invalid=\"false\" placeholder=\"Nombre *\" value=\"\" type=\"text\" name=\"text-759\" \/><\/span>\n\t\t<\/p>\n\t<\/div>\n\t<div class='wgl_col-12'>\n\t\t<p><span class=\"wpcf7-form-control-wrap\" data-name=\"email-613\"><input size=\"40\" maxlength=\"400\" class=\"wpcf7-form-control wpcf7-email wpcf7-text wpcf7-validates-as-email\" aria-invalid=\"false\" placeholder=\"Correo electr\u00f3nico *\" value=\"\" type=\"email\" name=\"email-613\" \/><\/span>\n\t\t<\/p>\n\t<\/div>\n\t<div class='wgl_col-12'>\n\t\t<p><span class=\"wpcf7-form-control-wrap\" data-name=\"textarea-378\"><textarea cols=\"40\" rows=\"10\" maxlength=\"2000\" class=\"wpcf7-form-control wpcf7-textarea\" aria-invalid=\"false\" placeholder=\"Mensaje...\" name=\"textarea-378\"><\/textarea><\/span>\n\t\t<\/p>\n\t<\/div>\n<\/div>\n<p><input class=\"wpcf7-form-control wpcf7-submit has-spinner\" type=\"submit\" value=\"ENVIAR MENSAJE\" \/>\n<\/p><div class=\"wpcf7-response-output\" aria-hidden=\"true\"><\/div>\n<input type=\"hidden\" name=\"trp-form-language\" value=\"es\"\/><\/form>\n<\/div>\n\n\n\t\t<\/div>\n\t<\/div>\n<\/div><\/div><\/div><\/div>","protected":false},"excerpt":{"rendered":"Get in Touch Hola Media Marketing is a results-driven agency specializing in digital strategies for local SEO and professional video production. We work with businesses across the U.S. and Latin America. Reach out today to discover how we can bring your brand to life online. Mail Us:holamediapromos@gmail.com Phone Us:+1 (770) 744-6588 Let\u2019s schedule a time [...]","protected":false},"author":1,"featured_media":0,"parent":0,"menu_order":0,"comment_status":"closed","ping_status":"closed","template":"","meta":{"footnotes":""},"class_list":["post-450","page","type-page","status-publish","hentry"],"_links":{"self":[{"href":"https:\/\/holamediamarketing.com\/es\/wp-json\/wp\/v2\/pages\/450","targetHints":{"allow":["GET"]}}],"collection":[{"href":"https:\/\/holamediamarketing.com\/es\/wp-json\/wp\/v2\/pages"}],"about":[{"href":"https:\/\/holamediamarketing.com\/es\/wp-json\/wp\/v2\/types\/page"}],"author":[{"embeddable":true,"href":"https:\/\/holamediamarketing.com\/es\/wp-json\/wp\/v2\/users\/1"}],"replies":[{"embeddable":true,"href":"https:\/\/holamediamarketing.com\/es\/wp-json\/wp\/v2\/comments?post=450"}],"version-history":[{"count":5,"href":"https:\/\/holamediamarketing.com\/es\/wp-json\/wp\/v2\/pages\/450\/revisions"}],"predecessor-version":[{"id":2222,"href":"https:\/\/holamediamarketing.com\/es\/wp-json\/wp\/v2\/pages\/450\/revisions\/2222"}],"wp:attachment":[{"href":"https:\/\/holamediamarketing.com\/es\/wp-json\/wp\/v2\/media?parent=450"}],"curies":[{"name":"wp","href":"https:\/\/api.w.org\/{rel}","templated":true}]}}