{"id":892,"date":"2018-11-23T13:03:00","date_gmt":"2018-11-23T13:03:00","guid":{"rendered":"https:\/\/seofy.wgl-demo.net\/?page_id=892"},"modified":"2025-08-07T15:38:30","modified_gmt":"2025-08-07T15:38:30","slug":"services-1","status":"publish","type":"page","link":"https:\/\/holamediamarketing.com\/es\/services-1\/","title":{"rendered":"Video Services"},"content":{"rendered":"<div  class=\"vc_row wpb_row vc_row-fluid\"><div class=\"wpb_column vc_column_container vc_col-sm-12\"><div class=\"vc_column-inner\"><div class=\"wpb_wrapper\"><div  class =\"seofy_module_spacing\"><div class=\"spacing_size spacing_size-initial\" style=\"height:13px;\"><\/div><\/div>  \n<\/div><\/div><\/div><\/div><div style=\"z-index: 3; \" class=\"vc_row wpb_row vc_row-fluid vc_row-o-content-middle vc_row-flex\"><div class=\"wpb_column vc_column_container vc_col-sm-6\"><div class=\"vc_column-inner\"><div class=\"wpb_wrapper\"><div id=\"seofy_img_layer_69e06dfc6e65b\" class=\"seofy_module_img_layer\"><div class=\"img_layer_image_wrapper slide_left\" style=\"z-index:1\"><div class=\"img_layer_item\" ><div class=\"img_layer_image\"><img decoding=\"async\" src=\"https:\/\/holamediamarketing.com\/wp-content\/uploads\/2018\/11\/Image-layer_12.1.png\" alt=\"\" \/><\/div><\/div><\/div><div class=\"img_layer_image_wrapper slide_right\" style=\"z-index:3\"><div class=\"img_layer_item\" ><div class=\"img_layer_image\"><img decoding=\"async\" src=\"https:\/\/holamediamarketing.com\/wp-content\/uploads\/2018\/11\/Image-layer_12.2.png\" alt=\"\" \/><\/div><\/div><\/div><div class=\"img_layer_image_wrapper fade_in\" style=\"z-index:2\"><div class=\"img_layer_item\" ><div class=\"img_layer_image\"><img decoding=\"async\" src=\"https:\/\/holamediamarketing.com\/wp-content\/uploads\/2018\/11\/Image-layer_12.3.png\" alt=\"\" \/><\/div><\/div><\/div><div class=\"img_layer_image_wrapper fade_in\" style=\"z-index:4\"><div class=\"img_layer_item\" ><div class=\"img_layer_image\"><img decoding=\"async\" src=\"https:\/\/holamediamarketing.com\/wp-content\/uploads\/2018\/11\/Image-layer_12.4.png\" alt=\"\" \/><\/div><\/div><\/div><\/div>  \n<div id=\"seofy_spacer_69e06dfc6ee72\" class =\"seofy_module_spacing responsive_active\"><div class=\"spacing_size spacing_size-initial\" style=\"height:0px;\"><\/div><div class=\"spacing_size spacing_size-tablet\" style=\"height:55px;\"><\/div><\/div>  \n<\/div><\/div><\/div><div class=\"wpb_column vc_column_container vc_col-sm-6 vc_col-lg-offset-1 vc_col-lg-5\"><div class=\"vc_column-inner\"><div class=\"wpb_wrapper\"><div id=\"seofy_dbl_69e06dfc6efce\" class=\"seofy_module_double_headings aleft\"><div class=\"heading_title\" style=\"font-size:36px; line-height:1.333; font-weight:800; \"><span class=\"heading_divider\"><\/span><div class=\"heading_title_mobile\" style=\"font-size:33px; line-height: 1.333;\"><div>\u00bfQu\u00e9 es profesional<br \/>\nMarketing de v\u00eddeo?<\/div><\/div><\/div><\/div>  \n<div  class =\"seofy_module_spacing\"><div class=\"spacing_size spacing_size-initial\" style=\"height:19px;\"><\/div><\/div>  \n<div class =\"seofy_module_text\" style=\"font-size:18px;line-height:30px;\">El video marketing utiliza la narrativa visual para conectar con tu audiencia, promocionar tu marca y generar resultados. Desde la concepci\u00f3n hasta la distribuci\u00f3n, creamos videos impactantes que impulsan el crecimiento de tu negocio en l\u00ednea.<\/div>  \n<div  class =\"seofy_module_spacing\"><div class=\"spacing_size spacing_size-initial\" style=\"height:30px;\"><\/div><\/div>  \n<div class=\"vc_tta-container\" data-vc-action=\"collapse\"><div class=\"vc_general vc_tta vc_tta-tabs vc_tta-o-shape-group vc_tta-tabs-position-top vc_tta-controls-align-left\"><div class=\"vc_tta-tabs-container\"><ul class=\"vc_tta-tabs-list\"><li class=\"vc_tta-tab\" data-vc-tab><a href=\"#023-a259433c-8b57\" data-vc-tabs data-vc-container=\".vc_tta\"><span class=\"vc_tta-title-text\">Beneficios<\/span><\/a><\/li><li class=\"vc_tta-tab vc_active\" data-vc-tab><a href=\"#051-45ae-fc01\" data-vc-tabs data-vc-container=\".vc_tta\"><span class=\"vc_tta-title-text\">Caracter\u00edsticas<\/span><\/a><\/li><\/ul><\/div><div class=\"vc_tta-panels-container\"><div class=\"vc_tta-panels\"><div class=\"vc_tta-panel\" id=\"023-a259433c-8b57\" data-vc-content=\".vc_tta-panel-body\"><div class=\"vc_tta-panel-heading\"><h4 class=\"vc_tta-panel-title\"><a href=\"#023-a259433c-8b57\" data-vc-accordion data-vc-container=\".vc_tta-container\"><span class=\"vc_tta-title-text\">Beneficios<\/span><\/a><\/h4><\/div><div class=\"vc_tta-panel-body\">\n\t<div class=\"wpb_text_column wpb_content_element\" >\n\t\t<div class=\"wpb_wrapper\">\n\t\t\t<ul class=\"seofy_plus\">\n<li style=\"padding-bottom: 5px;\">We collaborate with you to understand your message, audience, and business goals.<\/li>\n<li style=\"padding-bottom: 5px;\">We create engaging, high-quality videos that boost visibility across YouTube, websites, and social platforms.<\/li>\n<li style=\"padding-bottom: 5px;\">Video increases trust, drives conversions, and helps you stand out in a competitive market.<\/li>\n<\/ul>\n\n\t\t<\/div>\n\t<\/div>\n<\/div><\/div><div class=\"vc_tta-panel vc_active\" id=\"051-45ae-fc01\" data-vc-content=\".vc_tta-panel-body\"><div class=\"vc_tta-panel-heading\"><h4 class=\"vc_tta-panel-title\"><a href=\"#051-45ae-fc01\" data-vc-accordion data-vc-container=\".vc_tta-container\"><span class=\"vc_tta-title-text\">Caracter\u00edsticas<\/span><\/a><\/h4><\/div><div class=\"vc_tta-panel-body\">\n\t<div class=\"wpb_text_column wpb_content_element\" >\n\t\t<div class=\"wpb_wrapper\">\n\t\t\t<ul class=\"seofy_plus\">\n<li data-start=\"901\" data-end=\"934\">\n<p data-start=\"903\" data-end=\"934\">Escritura de guiones y storyboards<\/p>\n<\/li>\n<li data-start=\"935\" data-end=\"961\">\n<p data-start=\"937\" data-end=\"961\">Filmaci\u00f3n y edici\u00f3n en HD<\/p>\n<\/li>\n<li data-start=\"962\" data-end=\"1002\">\n<p data-start=\"964\" data-end=\"1002\">Animaciones personalizadas o gr\u00e1ficos en movimiento<\/p>\n<\/li>\n<li data-start=\"1003\" data-end=\"1031\">\n<p data-start=\"1005\" data-end=\"1031\">Voz en off y subt\u00edtulos<\/p>\n<\/li>\n<li data-start=\"1032\" data-end=\"1082\">\n<p data-start=\"1034\" data-end=\"1082\">Formato multiplataforma (YouTube, IG, sitio web)<\/p>\n<\/li>\n<\/ul>\n\n\t\t<\/div>\n\t<\/div>\n<\/div><\/div><\/div><\/div><\/div><\/div><\/div><\/div><\/div><\/div><div  class=\"vc_row wpb_row vc_row-fluid\"><div class=\"wpb_column vc_column_container vc_col-sm-12\"><div class=\"vc_column-inner\"><div class=\"wpb_wrapper\"><div  class =\"seofy_module_spacing\"><div class=\"spacing_size spacing_size-initial\" style=\"height:30px;\"><\/div><\/div>  \n<\/div><\/div><\/div><\/div><div  class=\"vc_row wpb_row vc_row-fluid vc_row-o-content-middle vc_row-flex wgl-row-animation\"><div class=\"wpb_column vc_column_container vc_col-sm-5\"><div class=\"vc_column-inner\"><div class=\"wpb_wrapper\"><div id=\"seofy_dbl_69e06dfc70c1e\" class=\"seofy_module_double_headings aleft\"><div class=\"heading_title\" style=\"font-size:36px; line-height:1.333; font-weight:800; \"><span class=\"heading_divider\"><\/span><div class=\"heading_title_tablet\" style=\"font-size:34px; line-height: 1.333;\"><div class=\"heading_title_mobile\" style=\"font-size:31px; line-height: 1.333;\"><div>C\u00f3mo puede ayudarle nuestro equipo de producci\u00f3n de v\u00eddeo<\/div><\/div><\/div><\/div><\/div>  \n<div  class =\"seofy_module_spacing\"><div class=\"spacing_size spacing_size-initial\" style=\"height:17px;\"><\/div><\/div>  \n\n\t<div class=\"wpb_text_column wpb_content_element\" >\n\t\t<div class=\"wpb_wrapper\">\n\t\t\t<p>En Hola Media, creamos contenido visual impactante que ayuda a las empresas a destacar, conectar con su audiencia y obtener resultados tangibles. Del guion a la pantalla, ofrecemos videos de alta calidad adaptados a su marca y objetivos.<\/p>\n\n\t\t<\/div>\n\t<\/div>\n<div  class =\"seofy_module_spacing\"><div class=\"spacing_size spacing_size-initial\" style=\"height:40px;\"><\/div><\/div>  \n<div class=\"vc_row wpb_row vc_inner vc_row-fluid\"><div class=\"wpb_column vc_column_container vc_col-sm-6 vc_col-xs-6\"><div class=\"vc_column-inner\"><div class=\"wpb_wrapper\"><div id=\"seofy_counter_69e06dfc715bf\" class=\"seofy_module_counter type_default layout_top counter_alignment_left\"><div class=\"counter_value_wrap\"  style=\"font-weight:800; \"><span class=\"counter_value\">1200<\/span><span class=\"counter_value_suffix\">+<\/span><\/div><div class=\"counter_title\"  style=\"font-weight:700; \">Producciones completadas<\/div><\/div>    \n<\/div><\/div><\/div><div class=\"wpb_column vc_column_container vc_col-sm-6 vc_col-xs-6\"><div class=\"vc_column-inner\"><div class=\"wpb_wrapper\"><div id=\"seofy_counter_69e06dfc716f3\" class=\"seofy_module_counter type_default layout_top counter_alignment_left\"><div class=\"counter_value_wrap\"  style=\"font-weight:800; \"><span class=\"counter_value\">156<\/span><span class=\"counter_value_suffix\">+<\/span><\/div><div class=\"counter_title\"  style=\"font-weight:700; \">Clientes exitosos<\/div><\/div>    \n<\/div><\/div><\/div><\/div><div id=\"seofy_spacer_69e06dfc7178d\" class =\"seofy_module_spacing responsive_active\"><div class=\"spacing_size spacing_size-initial\" style=\"height:0px;\"><\/div><div class=\"spacing_size spacing_size-tablet\" style=\"height:40px;\"><\/div><\/div>  \n<\/div><\/div><\/div><div class=\"wpb_column vc_column_container vc_col-sm-7\"><div class=\"vc_column-inner\"><div class=\"wpb_wrapper\"><div id=\"seofy_services_69e06dfc71b33\" class=\"seofy_module_circuit_services\"><div class=\"services_wrapper\"><div class=\"services_item-wrap\"><div class=\"services_item-icon\"><i class=\"services_icon services_icon-grad1 flaticon-film\" ><\/i><i class=\"services_icon services_icon-grad2 flaticon-film\" ><\/i><\/div><div class=\"services_item-content\"><div class=\"services_subtitle\" >Tu historia comienza aqu\u00ed<\/div><h3 class=\"services_title\" >Desarrollo de concepto creativo<\/h3><div class=\"services_descr\" >Trabajamos estrechamente con usted para comprender sus objetivos y crear un concepto de video que se alinee con el mensaje de su marca y su p\u00fablico objetivo.<\/div><\/div><\/div><div class=\"services_item-wrap\"><div class=\"services_item-icon\"><i class=\"services_icon services_icon-grad1 flaticon-play\" ><\/i><i class=\"services_icon services_icon-grad2 flaticon-play\" ><\/i><\/div><div class=\"services_item-content\"><div class=\"services_subtitle\" >Luces, c\u00e1mara, calidad<\/div><h3 class=\"services_title\" >Filmaci\u00f3n profesional<\/h3><div class=\"services_descr\" >Utilizando c\u00e1maras e iluminaci\u00f3n de calidad industrial, filmamos en el sitio o en el estudio para garantizar la mejor apariencia para su marca.<\/div><\/div><\/div><div class=\"services_item-wrap\"><div class=\"services_item-icon\"><i class=\"services_icon services_icon-grad1 flaticon-pencil\" ><\/i><i class=\"services_icon services_icon-grad2 flaticon-pencil\" ><\/i><\/div><div class=\"services_item-content\"><div class=\"services_subtitle\" >Pulido a la perfecci\u00f3n<\/div><h3 class=\"services_title\" >Edici\u00f3n y postproducci\u00f3n<\/h3><div class=\"services_descr\" >Tomamos material sin editar y lo transformamos en un producto final pulido, completo con gr\u00e1ficos en movimiento, correcci\u00f3n de color, dise\u00f1o de sonido y subt\u00edtulos.<\/div><\/div><\/div><div class=\"services_item-wrap\"><div class=\"services_item-icon\"><i class=\"services_icon services_icon-grad1 flaticon-rocket\" ><\/i><i class=\"services_icon services_icon-grad2 flaticon-rocket\" ><\/i><\/div><div class=\"services_item-content\"><div class=\"services_subtitle\" >Visibilidad que convierte<\/div><h3 class=\"services_title\" >SEO y publicaci\u00f3n de v\u00eddeos<\/h3><div class=\"services_descr\" >Optimizamos sus videos con t\u00edtulos, etiquetas, miniaturas y metadatos estructurados adecuados para ayudarlos a posicionarse en YouTube y la b\u00fasqueda de Google.<\/div><\/div><\/div><div class=\"services_item-wrap\"><div class=\"services_item-icon\"><i class=\"services_icon services_icon-grad1 flaticon-world\" ><\/i><i class=\"services_icon services_icon-grad2 flaticon-world\" ><\/i><\/div><div class=\"services_item-content\"><div class=\"services_subtitle\" >Llegar a la audiencia adecuada<\/div><h3 class=\"services_title\" >Distribuci\u00f3n multiplataforma<\/h3><div class=\"services_descr\" >Ya sea Instagram, su sitio web, LinkedIn o YouTube, adaptamos su formato de video para cada plataforma para maximizar el alcance y la participaci\u00f3n.<\/div><\/div><\/div><div class=\"services_item-wrap\"><div class=\"services_item-icon\"><i class=\"services_icon services_icon-grad1 flaticon-graph\" ><\/i><i class=\"services_icon services_icon-grad2 flaticon-graph\" ><\/i><\/div><div class=\"services_item-content\"><div class=\"services_subtitle\" >Mide lo que importa<\/div><h3 class=\"services_title\" > Informes de rendimiento<\/h3><div class=\"services_descr\" >Realice un seguimiento del rendimiento de sus videos con informes sobre visualizaciones, retenci\u00f3n, participaci\u00f3n y conversi\u00f3n para que pueda ver el ROI en acci\u00f3n.<\/div><\/div><\/div><\/div><\/div><\/div><\/div><\/div><div class=\"extended-parallax\" data-paroller-type=\"foreground\" style=\"top:-44%; left:-44%; \" data-paroller-direction=\"vertical\" data-paroller-factor=\"0.3\" ><img decoding=\"async\" src=\"https:\/\/holamediamarketing.com\/wp-content\/uploads\/2018\/11\/hexagoon_triple.png\" alt=\"\" \/><\/div><\/div><div  data-vc-full-width=\"true\" data-vc-full-width-init=\"false\" data-vc-parallax=\"1.5\" class=\"vc_row wpb_row vc_row-fluid acenter vc_custom_1543575694877 vc_row-has-fill vc_general vc_parallax vc_parallax-content-moving\"><div class=\"wpb_column vc_column_container vc_col-sm-12\"><div class=\"vc_column-inner\"><div class=\"wpb_wrapper\"><div  class =\"seofy_module_spacing\"><div class=\"spacing_size spacing_size-initial\" style=\"height:55px;\"><\/div><\/div>  \n<div id=\"seofy_dbl_69e06dfc721b5\" class=\"seofy_module_double_headings acenter\"><div class=\"heading_title\" style=\"font-size:36px; line-height:1.333; font-weight:800; color:#ffffff; \"><span class=\"heading_divider\"><\/span><div class=\"heading_title_mobile\" style=\"font-size:34px; line-height: 1.333;\"><div>Analice el rendimiento SEO de su sitio web<\/div><\/div><\/div><\/div>  \n<div  class =\"seofy_module_spacing\"><div class=\"spacing_size spacing_size-initial\" style=\"height:20px;\"><\/div><\/div>  \n<div class=\"vc_row wpb_row vc_inner vc_row-fluid\"><div class=\"wpb_column vc_column_container vc_col-sm-12\"><div class=\"vc_column-inner\"><div class=\"wpb_wrapper\">\n\t<div class=\"wpb_text_column wpb_content_element\" >\n\t\t<div class=\"wpb_wrapper\">\n\t\t\t\n<div class=\"wpcf7 no-js\" id=\"wpcf7-f316-o1\" lang=\"en-US\" dir=\"ltr\" data-wpcf7-id=\"316\">\n<div class=\"screen-reader-response\"><p role=\"status\" aria-live=\"polite\" aria-atomic=\"true\"><\/p> <ul><\/ul><\/div>\n<form action=\"\/es\/wp-json\/wp\/v2\/pages\/892#wpcf7-f316-o1\" method=\"post\" class=\"wpcf7-form init\" aria-label=\"Contact form\" novalidate=\"novalidate\" data-status=\"init\" data-trp-original-action=\"\/es\/wp-json\/wp\/v2\/pages\/892#wpcf7-f316-o1\">\n<fieldset class=\"hidden-fields-container\"><input type=\"hidden\" name=\"_wpcf7\" value=\"316\" \/><input type=\"hidden\" name=\"_wpcf7_version\" value=\"6.1.1\" \/><input type=\"hidden\" name=\"_wpcf7_locale\" value=\"en_US\" \/><input type=\"hidden\" name=\"_wpcf7_unit_tag\" value=\"wpcf7-f316-o1\" \/><input type=\"hidden\" name=\"_wpcf7_container_post\" value=\"0\" \/><input type=\"hidden\" name=\"_wpcf7_posted_data_hash\" value=\"\" \/>\n<\/fieldset>\n<div class='row submit_fw'>\n\t<div class='wgl_col-12'>\n\t\t<p><span class=\"wpcf7-form-control-wrap\" data-name=\"text-759\"><input size=\"40\" maxlength=\"400\" class=\"wpcf7-form-control wpcf7-text\" aria-invalid=\"false\" placeholder=\"Nombre *\" value=\"\" type=\"text\" name=\"text-759\" \/><\/span>\n\t\t<\/p>\n\t<\/div>\n\t<div class='wgl_col-12'>\n\t\t<p><span class=\"wpcf7-form-control-wrap\" data-name=\"email-613\"><input size=\"40\" maxlength=\"400\" class=\"wpcf7-form-control wpcf7-email wpcf7-text wpcf7-validates-as-email\" aria-invalid=\"false\" placeholder=\"Correo electr\u00f3nico *\" value=\"\" type=\"email\" name=\"email-613\" \/><\/span>\n\t\t<\/p>\n\t<\/div>\n\t<div class='wgl_col-12'>\n\t\t<p><span class=\"wpcf7-form-control-wrap\" data-name=\"text-759\"><input size=\"40\" maxlength=\"400\" class=\"wpcf7-form-control wpcf7-text\" aria-invalid=\"false\" placeholder=\"Tel\u00e9fono *\" value=\"\" type=\"text\" name=\"text-759\" \/><\/span>\n\t\t<\/p>\n\t<\/div>\n\t<div class='wgl_col-12'>\n\t\t<p><span class=\"wpcf7-form-control-wrap\" data-name=\"email-613\"><input size=\"40\" maxlength=\"400\" class=\"wpcf7-form-control wpcf7-email wpcf7-text wpcf7-validates-as-email\" aria-invalid=\"false\" placeholder=\"Sitio web *\" value=\"\" type=\"email\" name=\"email-613\" \/><\/span>\n\t\t<\/p>\n\t<\/div>\n\t<div class='wgl_col-12'>\n\t\t<p><span class=\"wpcf7-form-control-wrap\" data-name=\"text-789\"><input size=\"40\" maxlength=\"400\" class=\"wpcf7-form-control wpcf7-text\" aria-invalid=\"false\" placeholder=\"Nombre de compa\u00f1\u00eda *\" value=\"\" type=\"text\" name=\"text-789\" \/><\/span>\n\t\t<\/p>\n\t<\/div>\n<\/div>\n<p><input class=\"wpcf7-form-control wpcf7-submit has-spinner\" type=\"submit\" value=\"CONTACTO\" \/>\n<\/p><div class=\"wpcf7-response-output\" aria-hidden=\"true\"><\/div>\n<input type=\"hidden\" name=\"trp-form-language\" value=\"es\"\/><\/form>\n<\/div>\n\n\n\t\t<\/div>\n\t<\/div>\n<\/div><\/div><\/div><\/div><div id=\"seofy_spacer_69e06dfc73f3d\" class =\"seofy_module_spacing responsive_active\"><div class=\"spacing_size spacing_size-initial\" style=\"height:162px;\"><\/div><div class=\"spacing_size spacing_size-tablet\" style=\"height:99px;\"><\/div><\/div>  \n<\/div><\/div><\/div><\/div><div class=\"vc_row-full-width vc_clearfix\"><\/div><div  class=\"vc_row wpb_row vc_row-fluid\"><div class=\"wpb_column vc_column_container vc_col-sm-12\"><div class=\"vc_column-inner\"><div class=\"wpb_wrapper\"><div  class =\"seofy_module_spacing\"><div class=\"spacing_size spacing_size-initial\" style=\"height:85px;\"><\/div><\/div>  \n<div class=\"seofy_module_clients clearfix item_anim-ex_images\"><div class=\"seofy_module_carousel-wrapper\"><div id=\"seofy_carousel_69e06dfc75ab7\" class=\"seofy_module_carousel pag_align_center\"><div class=\"seofy_carousel_slick\" data-slick='{\"slidesToShow\":5,\"slidesToScroll\":1,\"infinite\":true,\"autoplay\":true,\"autoplaySpeed\":\"3000\",\"speed\":300,\"arrows\":false,\"dots\":false,\"adaptiveHeight\":false,\"responsive\":[{\"breakpoint\":1025,\"settings\":{\"slidesToShow\":3,\"slidesToScroll\":1}},{\"breakpoint\":800,\"settings\":{\"slidesToShow\":2,\"slidesToScroll\":1}},{\"breakpoint\":480,\"settings\":{\"slidesToShow\":1,\"slidesToScroll\":1}}]}'><div class=\"clients_image\"><a href=\"http:\/\/holamediamarketing.com\/es\/clients\/\"  class=\"image_link\" ><img decoding=\"async\" class=\"main_image\" src=\"https:\/\/holamediamarketing.com\/wp-content\/uploads\/2018\/11\/Client_1_maxpaper_filter.png\" alt=\"\" \/><img decoding=\"async\" class=\"hover_image\" src=\"https:\/\/holamediamarketing.com\/wp-content\/uploads\/2018\/11\/Client_1_maxpaper.png\" alt=\"\" \/><\/a><\/div><div class=\"clients_image\"><a href=\"http:\/\/holamediamarketing.com\/es\/clients\/\"  class=\"image_link\" ><img decoding=\"async\" class=\"main_image\" src=\"https:\/\/holamediamarketing.com\/wp-content\/uploads\/2018\/11\/Client_2_laborator_filter.png\" alt=\"\" \/><img decoding=\"async\" class=\"hover_image\" src=\"https:\/\/holamediamarketing.com\/wp-content\/uploads\/2018\/11\/Client_2_laborator.png\" alt=\"\" \/><\/a><\/div><div class=\"clients_image\"><a href=\"http:\/\/holamediamarketing.com\/es\/clients\/\"  class=\"image_link\" ><img decoding=\"async\" class=\"main_image\" src=\"https:\/\/holamediamarketing.com\/wp-content\/uploads\/2018\/11\/Client_3_honeyhosting_filter.png\" alt=\"\" \/><img decoding=\"async\" class=\"hover_image\" src=\"https:\/\/holamediamarketing.com\/wp-content\/uploads\/2018\/11\/Client_3_honeyhosting.png\" alt=\"\" \/><\/a><\/div><div class=\"clients_image\"><a href=\"http:\/\/holamediamarketing.com\/es\/clients\/\"  class=\"image_link\" ><img decoding=\"async\" class=\"main_image\" src=\"https:\/\/holamediamarketing.com\/wp-content\/uploads\/2018\/11\/Client_4_cryptonite_filter.png\" alt=\"\" \/><img decoding=\"async\" class=\"hover_image\" src=\"https:\/\/holamediamarketing.com\/wp-content\/uploads\/2018\/11\/Client_4_cryptonite.png\" alt=\"\" \/><\/a><\/div><div class=\"clients_image\"><a href=\"http:\/\/holamediamarketing.com\/es\/clients\/\"  class=\"image_link\" ><img decoding=\"async\" class=\"main_image\" src=\"https:\/\/holamediamarketing.com\/wp-content\/uploads\/2018\/11\/Client_5_dynamic_filter.png\" alt=\"\" \/><img decoding=\"async\" class=\"hover_image\" src=\"https:\/\/holamediamarketing.com\/wp-content\/uploads\/2018\/11\/Client_5_dynamic.png\" alt=\"\" \/><\/a><\/div><div class=\"clients_image\"><a href=\"http:\/\/holamediamarketing.com\/es\/clients\/\"  class=\"image_link\" ><img decoding=\"async\" class=\"main_image\" src=\"https:\/\/holamediamarketing.com\/wp-content\/uploads\/2018\/12\/lient_6_deters_filter-1.png\" alt=\"\" \/><img decoding=\"async\" class=\"hover_image\" src=\"https:\/\/holamediamarketing.com\/wp-content\/uploads\/2018\/12\/lient_6_deters-1.png\" alt=\"\" \/><\/a><\/div><\/div><\/div><\/div><\/div><div  class =\"seofy_module_spacing\"><div class=\"spacing_size spacing_size-initial\" style=\"height:24px;\"><\/div><\/div>  \n<\/div><\/div><\/div><\/div><div  class=\"vc_row wpb_row vc_row-fluid\"><div class=\"wpb_column vc_column_container vc_col-sm-4\"><div class=\"vc_column-inner\"><div class=\"wpb_wrapper\">\n\t<div class=\"wpb_video_widget wpb_content_element vc_clearfix   vc_video-aspect-ratio-916 vc_video-el-width-100 vc_video-align-left\" >\n\t\t<div class=\"wpb_wrapper\">\n\t\t\t\n\t\t\t<div class=\"wpb_video_wrapper\"><iframe loading=\"lazy\" title=\"Dominate Local SEO Now VEED\" width=\"500\" height=\"281\" src=\"https:\/\/www.youtube.com\/embed\/Mh7hvCnhCQw?feature=oembed\" frameborder=\"0\" allow=\"accelerometer; autoplay; clipboard-write; encrypted-media; gyroscope; picture-in-picture; web-share\" referrerpolicy=\"strict-origin-when-cross-origin\" allowfullscreen><\/iframe><\/div>\n\t\t<\/div>\n\t<\/div>\n<\/div><\/div><\/div><div class=\"wpb_column vc_column_container vc_col-sm-4\"><div class=\"vc_column-inner\"><div class=\"wpb_wrapper\">\n\t<div class=\"wpb_video_widget wpb_content_element vc_clearfix   vc_video-aspect-ratio-916 vc_video-el-width-100 vc_video-align-left\" >\n\t\t<div class=\"wpb_wrapper\">\n\t\t\t\n\t\t\t<div class=\"wpb_video_wrapper\"><iframe loading=\"lazy\" title=\"Dominate Local SEO Now VEED\" width=\"500\" height=\"281\" src=\"https:\/\/www.youtube.com\/embed\/Mh7hvCnhCQw?feature=oembed\" frameborder=\"0\" allow=\"accelerometer; autoplay; clipboard-write; encrypted-media; gyroscope; picture-in-picture; web-share\" referrerpolicy=\"strict-origin-when-cross-origin\" allowfullscreen><\/iframe><\/div>\n\t\t<\/div>\n\t<\/div>\n<\/div><\/div><\/div><div class=\"wpb_column vc_column_container vc_col-sm-4\"><div class=\"vc_column-inner\"><div class=\"wpb_wrapper\">\n\t<div class=\"wpb_video_widget wpb_content_element vc_clearfix   vc_video-aspect-ratio-916 vc_video-el-width-100 vc_video-align-left\" >\n\t\t<div class=\"wpb_wrapper\">\n\t\t\t\n\t\t\t<div class=\"wpb_video_wrapper\"><iframe loading=\"lazy\" title=\"Dominate Local SEO Now VEED\" width=\"500\" height=\"281\" src=\"https:\/\/www.youtube.com\/embed\/Mh7hvCnhCQw?feature=oembed\" frameborder=\"0\" allow=\"accelerometer; autoplay; clipboard-write; encrypted-media; gyroscope; picture-in-picture; web-share\" referrerpolicy=\"strict-origin-when-cross-origin\" allowfullscreen><\/iframe><\/div>\n\t\t<\/div>\n\t<\/div>\n<\/div><\/div><\/div><\/div>","protected":false},"excerpt":{"rendered":"What Is Professional Video Marketing? Video marketing uses visual storytelling to connect with your audience, promote your brand, and drive results. From concept to distribution, we create high-impact videos that help your business grow online. BenefitsFeaturesBenefits We collaborate with you to understand your message, audience, and business goals. We create engaging, high-quality videos that boost [...]","protected":false},"author":1,"featured_media":0,"parent":0,"menu_order":0,"comment_status":"closed","ping_status":"closed","template":"","meta":{"footnotes":""},"class_list":["post-892","page","type-page","status-publish","hentry"],"_links":{"self":[{"href":"https:\/\/holamediamarketing.com\/es\/wp-json\/wp\/v2\/pages\/892","targetHints":{"allow":["GET"]}}],"collection":[{"href":"https:\/\/holamediamarketing.com\/es\/wp-json\/wp\/v2\/pages"}],"about":[{"href":"https:\/\/holamediamarketing.com\/es\/wp-json\/wp\/v2\/types\/page"}],"author":[{"embeddable":true,"href":"https:\/\/holamediamarketing.com\/es\/wp-json\/wp\/v2\/users\/1"}],"replies":[{"embeddable":true,"href":"https:\/\/holamediamarketing.com\/es\/wp-json\/wp\/v2\/comments?post=892"}],"version-history":[{"count":12,"href":"https:\/\/holamediamarketing.com\/es\/wp-json\/wp\/v2\/pages\/892\/revisions"}],"predecessor-version":[{"id":2238,"href":"https:\/\/holamediamarketing.com\/es\/wp-json\/wp\/v2\/pages\/892\/revisions\/2238"}],"wp:attachment":[{"href":"https:\/\/holamediamarketing.com\/es\/wp-json\/wp\/v2\/media?parent=892"}],"curies":[{"name":"wp","href":"https:\/\/api.w.org\/{rel}","templated":true}]}}