{"id":924,"date":"2018-11-26T09:17:56","date_gmt":"2018-11-26T09:17:56","guid":{"rendered":"https:\/\/seofy.wgl-demo.net\/?page_id=924"},"modified":"2025-07-31T18:08:13","modified_gmt":"2025-07-31T18:08:13","slug":"services-2","status":"publish","type":"page","link":"https:\/\/holamediamarketing.com\/es\/services-2\/","title":{"rendered":"Servicios de SEO"},"content":{"rendered":"<div  data-vc-full-width=\"true\" data-vc-full-width-init=\"false\" class=\"vc_row wpb_row vc_row-fluid vc_custom_1543391413648 vc_row-has-fill wgl-row-animation\"><div class=\"wpb_column vc_column_container vc_col-sm-12\"><div class=\"vc_column-inner\"><div class=\"wpb_wrapper\"><div class=\"vc_row wpb_row vc_inner vc_row-fluid\"><div class=\"wpb_column vc_column_container vc_col-sm-10 vc_col-lg-offset-3 vc_col-lg-6 vc_col-md-offset-2 vc_col-md-8 vc_col-sm-offset-1\"><div class=\"vc_column-inner\"><div class=\"wpb_wrapper\"><div  class =\"seofy_module_spacing\"><div class=\"spacing_size spacing_size-initial\" style=\"height:55px;\"><\/div><\/div>  \n<div id=\"seofy_img_layer_69e0772a7229e\" class=\"seofy_module_img_layer\"><div class=\"img_layer_image_wrapper zoom_in\" style=\"z-index:2\"><div class=\"img_layer_item\" ><div class=\"img_layer_image\"><img decoding=\"async\" src=\"https:\/\/holamediamarketing.com\/wp-content\/uploads\/2018\/11\/Image-layer_2.1.png\" alt=\"\" \/><\/div><\/div><\/div><div class=\"img_layer_image_wrapper slide_right\" style=\"z-index:1\"><div class=\"img_layer_item\" ><div class=\"img_layer_image\"><img decoding=\"async\" src=\"https:\/\/holamediamarketing.com\/wp-content\/uploads\/2018\/11\/Image-layer_2.2.png\" alt=\"\" \/><\/div><\/div><\/div><div class=\"img_layer_image_wrapper slide_left\" style=\"z-index:1\"><div class=\"img_layer_item\" ><div class=\"img_layer_image\"><img decoding=\"async\" src=\"https:\/\/holamediamarketing.com\/wp-content\/uploads\/2018\/11\/Image-layer_2.3.png\" alt=\"\" \/><\/div><\/div><\/div><div class=\"img_layer_image_wrapper fade_in\" style=\"z-index:2\"><div class=\"img_layer_item\" ><div class=\"img_layer_image\"><img decoding=\"async\" src=\"https:\/\/holamediamarketing.com\/wp-content\/uploads\/2018\/11\/Image-layer_2.4-1.png\" alt=\"\" \/><\/div><\/div><\/div><div class=\"img_layer_image_wrapper slide_big_up\" style=\"z-index:3\"><div class=\"img_layer_item\" ><div class=\"img_layer_image\"><img decoding=\"async\" src=\"https:\/\/holamediamarketing.com\/wp-content\/uploads\/2018\/11\/Image-layer_2.5.png\" alt=\"\" \/><\/div><\/div><\/div><\/div>  \n<div  class =\"seofy_module_spacing\"><div class=\"spacing_size spacing_size-initial\" style=\"height:90px;\"><\/div><\/div>  \n<\/div><\/div><\/div><\/div><div class=\"vc_row wpb_row vc_inner vc_row-fluid\"><div class=\"wpb_column vc_column_container vc_col-sm-12 vc_col-lg-offset-2 vc_col-lg-8 vc_col-md-offset-1 vc_col-md-10\"><div class=\"vc_column-inner\"><div class=\"wpb_wrapper\"><div id=\"seofy_dbl_69e0772a72e74\" class=\"seofy_module_double_headings acenter\"><div class=\"heading_title\" style=\"font-size:36px; line-height:1.333; font-weight:800; \"><span class=\"heading_divider\"><\/span><div class=\"heading_title_mobile\" style=\"font-size:33px; line-height: 1.333;\"><div>SEO local que te ayuda a encontrar<\/div><\/div><\/div><\/div>  \n<div  class =\"seofy_module_spacing\"><div class=\"spacing_size spacing_size-initial\" style=\"height:19px;\"><\/div><\/div>  \n<div class =\"seofy_module_text\" style=\"font-size:18px;line-height:30px;\">\n<p style=\"text-align: center;\" data-start=\"232\" data-end=\"455\">Si sus clientes est\u00e1n cerca, su negocio tambi\u00e9n deber\u00eda estarlo: en los primeros resultados de b\u00fasqueda locales. Le ayudamos a posicionarse mejor en Google Maps y en las fichas locales optimizando su sitio web, su perfil de Google Business y las se\u00f1ales locales.<\/p>\n<p style=\"text-align: center;\" data-start=\"457\" data-end=\"563\">Dado que m\u00e1s del 90 % de los consumidores buscan empresas locales en l\u00ednea, el SEO local no es opcional: es esencial.<\/p>\n<\/div>  \n<div  class =\"seofy_module_spacing\"><div class=\"spacing_size spacing_size-initial\" style=\"height:42px;\"><\/div><\/div>  \n<div id=\"seofy_button_69e0772a730e7\" class=\"seofy_module_button wgl_button wgl_button-xl button_gradient acenter\"><a href=\"https:\/\/holamediamarketing.com\/es\/\" style=\"border-width:1px; \" class=\"wgl_button_link\">Empieza ahora<span class=\"button_border_gradient\"><\/span><\/a><\/div>\n<div id=\"seofy_spacer_69e0772a73130\" class =\"seofy_module_spacing responsive_active\"><div class=\"spacing_size spacing_size-initial\" style=\"height:80px;\"><\/div><div class=\"spacing_size spacing_size-tablet\" style=\"height:55px;\"><\/div><\/div>  \n<\/div><\/div><\/div><\/div><div class=\"seofy_divider divider_alignment_left\"><div class=\"divider_line divider_line_alignment_left\"><div class=\"divider_custom\" style=\"width:100%;height:1px;background-color:#dee1ed;\"><\/div><\/div><\/div><div  class =\"seofy_module_spacing\"><div class=\"spacing_size spacing_size-initial\" style=\"height:78px;\"><\/div><\/div>  \n<div class=\"vc_row wpb_row vc_inner vc_row-fluid\"><div class=\"wpb_column vc_column_container vc_col-sm-3 vc_col-xs-6\"><div class=\"vc_column-inner\"><div class=\"wpb_wrapper\"><div id=\"seofy_counter_69e0772a73365\" class=\"seofy_module_counter type_default layout_top_left counter_alignment_center\"><div class=\"counter_content_wrapper\"><div class=\"counter_value_content\"><div class=\"counter_value_wrap\"  style=\"font-weight:800; \"><span class=\"counter_value\">1200<\/span><span class=\"counter_value_suffix\">+<\/span><\/div><div class=\"counter_title\"  style=\"font-weight:700; \">Clientes felices<\/div><\/div><\/div><\/div>    \n<div  class =\"seofy_module_spacing\"><div class=\"spacing_size spacing_size-initial\" style=\"height:35px;\"><\/div><\/div>  \n<\/div><\/div><\/div><div class=\"wpb_column vc_column_container vc_col-sm-3 vc_col-xs-6\"><div class=\"vc_column-inner\"><div class=\"wpb_wrapper\"><div id=\"seofy_counter_69e0772a734b2\" class=\"seofy_module_counter type_default layout_top_left counter_alignment_center\"><div class=\"counter_content_wrapper\"><div class=\"counter_value_content\"><div class=\"counter_value_wrap\"  style=\"font-weight:800; \"><span class=\"counter_value\">10<\/span><span class=\"counter_value_suffix\">+<\/span><\/div><div class=\"counter_title\"  style=\"font-weight:700; \">A\u00f1os de experiencia<\/div><\/div><\/div><\/div>    \n<div  class =\"seofy_module_spacing\"><div class=\"spacing_size spacing_size-initial\" style=\"height:35px;\"><\/div><\/div>  \n<\/div><\/div><\/div><div class=\"wpb_column vc_column_container vc_col-sm-3 vc_col-xs-6\"><div class=\"vc_column-inner\"><div class=\"wpb_wrapper\"><div id=\"seofy_counter_69e0772a735d7\" class=\"seofy_module_counter type_default layout_top_left counter_alignment_center\"><div class=\"counter_content_wrapper\"><div class=\"counter_value_content\"><div class=\"counter_value_wrap\"  style=\"font-weight:800; \"><span class=\"counter_value\">23<\/span><span class=\"counter_value_suffix\">+<\/span><\/div><div class=\"counter_title\"  style=\"font-weight:700; \">Ganadores de SEO<\/div><\/div><\/div><\/div>    \n<div  class =\"seofy_module_spacing\"><div class=\"spacing_size spacing_size-initial\" style=\"height:35px;\"><\/div><\/div>  \n<\/div><\/div><\/div><div class=\"wpb_column vc_column_container vc_col-sm-3 vc_col-xs-6\"><div class=\"vc_column-inner\"><div class=\"wpb_wrapper\"><div id=\"seofy_counter_69e0772a736f1\" class=\"seofy_module_counter type_default layout_top_left counter_alignment_center\"><div class=\"counter_content_wrapper\"><div class=\"counter_value_content\"><div class=\"counter_value_wrap\"  style=\"font-weight:800; \"><span class=\"counter_value\">156<\/span><span class=\"counter_value_suffix\">+<\/span><\/div><div class=\"counter_title\"  style=\"font-weight:700; \">Proyectos terminados<\/div><\/div><\/div><\/div>    \n<div  class =\"seofy_module_spacing\"><div class=\"spacing_size spacing_size-initial\" style=\"height:35px;\"><\/div><\/div>  \n<\/div><\/div><\/div><\/div><div  class =\"seofy_module_spacing\"><div class=\"spacing_size spacing_size-initial\" style=\"height:40px;\"><\/div><\/div>  \n<\/div><\/div><\/div><div id=\"particles_69e0772a7389e\" class=\"particles-js\" style=\"top:0%; left:0%; width:100%; height:100%; \" data-particles-type=\"hexagons\" data-particles-number=\"3\" data-particles-color=\"#f4f6fd\" data-particles-line=\"false\" data-particles-size=\"110\" data-particles-speed=\"2\" data-particles-hover=\"false\" data-particles-hover-mode=\"grab\" data-particles-colors-type=\"one_color\" ><\/div><\/div><div class=\"vc_row-full-width vc_clearfix\"><\/div><div  data-vc-full-width=\"true\" data-vc-full-width-init=\"false\" class=\"vc_row wpb_row vc_row-fluid vc_custom_1543227898291 vc_row-has-fill\"><div class=\"wpb_column vc_column_container vc_col-sm-12\"><div class=\"vc_column-inner\"><div class=\"wpb_wrapper\"><div class=\"vc_row wpb_row vc_inner vc_row-fluid\"><div class=\"wpb_column vc_column_container vc_col-sm-12 vc_col-lg-offset-3 vc_col-lg-6 vc_col-md-offset-2 vc_col-md-8\"><div class=\"vc_column-inner\"><div class=\"wpb_wrapper\"><div id=\"seofy_spacer_69e0772a73b61\" class =\"seofy_module_spacing responsive_active\"><div class=\"spacing_size spacing_size-initial\" style=\"height:63px;\"><\/div><div class=\"spacing_size spacing_size-tablet\" style=\"height:30px;\"><\/div><\/div>  \n<div id=\"seofy_dbl_69e0772a73ba4\" class=\"seofy_module_double_headings acenter\"><div class=\"heading_title\" style=\"font-size:36px; line-height:1.333; font-weight:800; \"><span class=\"heading_divider\"><\/span><div class=\"heading_title_mobile\" style=\"font-size:33px; line-height: 1.333;\"><div>C\u00f3mo puede ayudar el equipo de SEO<\/div><\/div><\/div><\/div>  \n<div  class =\"seofy_module_spacing\"><div class=\"spacing_size spacing_size-initial\" style=\"height:10px;\"><\/div><\/div>  \n<div class =\"seofy_module_text\" style=\"font-size:18px;line-height:30px;\">\n<p style=\"text-align: center;\">Adaptamos cada estrategia de SEO local a los objetivos de su negocio, ayud\u00e1ndole a obtener una mejor clasificaci\u00f3n en las b\u00fasquedas locales y atraer clientes cercanos.<\/p>\n<\/div>  \n<div  class =\"seofy_module_spacing\"><div class=\"spacing_size spacing_size-initial\" style=\"height:15px;\"><\/div><\/div>  \n<\/div><\/div><\/div><\/div><div class=\"vc_row wpb_row vc_inner vc_row-fluid\"><div class=\"wpb_column vc_column_container vc_col-sm-4\"><div class=\"vc_column-inner\"><div class=\"wpb_wrapper\"><div id=\"seofy_infobox_69e0772a73df9\" class=\"seofy_module_infobox type_default layout_top infobox_alignment_left\"><div class=\"infobox_wrapper\"><div class=\"infobox_icon_wrapper\" ><div class=\"infobox_icon_container\" style=\"width:30px; height:30px; \"><i class=\"infobox_icon flaticon-graph\"  style=\"font-size:38px;\"><\/i><\/div><\/div><h3 class=\"infobox_title\" >Optimizaci\u00f3n local en el sitio<\/h3><div class=\"infobox_content\">Mejoramos la estructura, el contenido y los enlaces internos de su sitio web para alinearlos con los factores de clasificaci\u00f3n de b\u00fasqueda local.<\/div><\/div><\/div><div id=\"seofy_spacer_69e0772a73f16\" class =\"seofy_module_spacing responsive_active\"><div class=\"spacing_size spacing_size-initial\" style=\"height:0px;\"><\/div><div class=\"spacing_size spacing_size-mobile\" style=\"height:10px;\"><\/div><\/div>  \n<\/div><\/div><\/div><div class=\"wpb_column vc_column_container vc_col-sm-4\"><div class=\"vc_column-inner\"><div class=\"wpb_wrapper\"><div id=\"seofy_infobox_69e0772a73fd9\" class=\"seofy_module_infobox type_default layout_top infobox_alignment_left\"><div class=\"infobox_wrapper\"><div class=\"infobox_icon_wrapper\" ><div class=\"infobox_icon_container\" style=\"width:30px; height:30px; \"><i class=\"infobox_icon flaticon-gear-1\" ><\/i><\/div><\/div><h3 class=\"infobox_title\" >Penalizaciones de Google y recuperaci\u00f3n de posicionamiento<\/h3><div class=\"infobox_content\">Auditamos y limpiamos backlinks da\u00f1inos y citas obsoletas que pueden estar da\u00f1ando sus clasificaciones locales.<\/div><\/div><\/div><div id=\"seofy_spacer_69e0772a740d5\" class =\"seofy_module_spacing responsive_active\"><div class=\"spacing_size spacing_size-initial\" style=\"height:0px;\"><\/div><div class=\"spacing_size spacing_size-mobile\" style=\"height:10px;\"><\/div><\/div>  \n<\/div><\/div><\/div><div class=\"wpb_column vc_column_container vc_col-sm-4\"><div class=\"vc_column-inner\"><div class=\"wpb_wrapper\"><div id=\"seofy_infobox_69e0772a74174\" class=\"seofy_module_infobox type_default layout_top infobox_alignment_left\"><div class=\"infobox_wrapper\"><div class=\"infobox_icon_wrapper\" ><div class=\"infobox_icon_container\" style=\"width:30px; height:30px; \"><i class=\"infobox_icon flaticon-target-2\" ><\/i><\/div><\/div><h3 class=\"infobox_title\" >Auditor\u00eda t\u00e9cnica local de SEO<\/h3><div class=\"infobox_content\">Realizamos auditor\u00edas en profundidad para solucionar errores de rastreo, problemas de velocidad del sitio y problemas de usabilidad m\u00f3vil que afectan la visibilidad local.<\/div><\/div><\/div><div id=\"seofy_spacer_69e0772a74210\" class =\"seofy_module_spacing responsive_active\"><div class=\"spacing_size spacing_size-initial\" style=\"height:0px;\"><\/div><div class=\"spacing_size spacing_size-mobile\" style=\"height:50px;\"><\/div><\/div>  \n<\/div><\/div><\/div><\/div><div class=\"vc_row wpb_row vc_inner vc_row-fluid\"><div class=\"wpb_column vc_column_container vc_col-sm-4\"><div class=\"vc_column-inner vc_custom_1543398886215\"><div class=\"wpb_wrapper\"><div id=\"seofy_infobox_69e0772a74316\" class=\"seofy_module_infobox type_default layout_top infobox_alignment_left\"><div class=\"infobox_wrapper\"><div class=\"infobox_icon_wrapper\" ><div class=\"infobox_icon_container\" style=\"width:30px; height:30px; \"><i class=\"infobox_icon flaticon-pie-chart\"  style=\"font-size:38px;\"><\/i><\/div><\/div><h3 class=\"infobox_title\" >Contenido visual para impacto local<\/h3><div class=\"infobox_content\">Nuestro equipo creativo dise\u00f1a infograf\u00edas, mapas y elementos visuales que conectan con las audiencias locales y respaldan sus objetivos de SEO.<\/div><\/div><\/div><div id=\"seofy_spacer_69e0772a743b5\" class =\"seofy_module_spacing responsive_active\"><div class=\"spacing_size spacing_size-initial\" style=\"height:0px;\"><\/div><div class=\"spacing_size spacing_size-mobile\" style=\"height:25px;\"><\/div><\/div>  \n<\/div><\/div><\/div><div class=\"wpb_column vc_column_container vc_col-sm-4\"><div class=\"vc_column-inner vc_custom_1543398895970\"><div class=\"wpb_wrapper\"><div id=\"seofy_infobox_69e0772a74442\" class=\"seofy_module_infobox type_default layout_top infobox_alignment_left\"><div class=\"infobox_wrapper\"><div class=\"infobox_icon_wrapper\" ><div class=\"infobox_icon_container\" style=\"width:30px; height:30px; \"><i class=\"infobox_icon flaticon-paper-plane-1\" ><\/i><\/div><\/div><h3 class=\"infobox_title\" >Promoci\u00f3n de negocios locales<\/h3><div class=\"infobox_content\">Mientras que los motores de b\u00fasqueda a\u00fan est\u00e1n en su infancia en la comprensi\u00f3n y el uso de se\u00f1ales sociales de forma algor\u00edtmica.<\/div><\/div><\/div><div id=\"seofy_spacer_69e0772a744de\" class =\"seofy_module_spacing responsive_active\"><div class=\"spacing_size spacing_size-initial\" style=\"height:0px;\"><\/div><div class=\"spacing_size spacing_size-mobile\" style=\"height:25px;\"><\/div><\/div>  \n<\/div><\/div><\/div><div class=\"wpb_column vc_column_container vc_col-sm-4\"><div class=\"vc_column-inner vc_custom_1543398907983\"><div class=\"wpb_wrapper\"><div id=\"seofy_infobox_69e0772a74563\" class=\"seofy_module_infobox type_default layout_top infobox_alignment_left\"><div class=\"infobox_wrapper\"><div class=\"infobox_icon_wrapper\" ><div class=\"infobox_icon_container\" style=\"width:30px; height:30px; \"><i class=\"infobox_icon flaticon-statistics\" ><\/i><\/div><\/div><h3 class=\"infobox_title\" >An\u00e1lisis e informes de rendimiento local<\/h3><div class=\"infobox_content\">Entregamos informes mensuales sobre las clasificaciones de palabras clave locales, el tr\u00e1fico, las conversiones y la visibilidad del paquete de mapas.<\/div><\/div><\/div><div id=\"seofy_spacer_69e0772a74607\" class =\"seofy_module_spacing responsive_active\"><div class=\"spacing_size spacing_size-initial\" style=\"height:0px;\"><\/div><div class=\"spacing_size spacing_size-mobile\" style=\"height:25px;\"><\/div><\/div>  \n<\/div><\/div><\/div><\/div><div id=\"seofy_spacer_69e0772a7465c\" class =\"seofy_module_spacing responsive_active\"><div class=\"spacing_size spacing_size-initial\" style=\"height:85px;\"><\/div><div class=\"spacing_size spacing_size-tablet\" style=\"height:35px;\"><\/div><\/div>  \n<\/div><\/div><\/div><\/div><div class=\"vc_row-full-width vc_clearfix\"><\/div><div  data-vc-full-width=\"true\" data-vc-full-width-init=\"false\" data-vc-parallax=\"1.5\" class=\"vc_row wpb_row vc_row-fluid acenter vc_custom_1543580951116 vc_row-has-fill vc_general vc_parallax vc_parallax-content-moving\"><div class=\"wpb_column vc_column_container vc_col-sm-12\"><div class=\"vc_column-inner\"><div class=\"wpb_wrapper\"><div  class =\"seofy_module_spacing\"><div class=\"spacing_size spacing_size-initial\" style=\"height:55px;\"><\/div><\/div>  \n<div id=\"seofy_dbl_69e0772a748cc\" class=\"seofy_module_double_headings acenter\"><div class=\"heading_title\" style=\"font-size:36px; line-height:1.333; font-weight:800; color:#ffffff; \"><span class=\"heading_divider\"><\/span><div class=\"heading_title_mobile\" style=\"font-size:33px; line-height: 1.333;\"><div>Comprueba el SEO de tu sitio web<\/div><\/div><\/div><\/div>  \n<div  class =\"seofy_module_spacing\"><div class=\"spacing_size spacing_size-initial\" style=\"height:20px;\"><\/div><\/div>  \n<div class=\"vc_row wpb_row vc_inner vc_row-fluid\"><div class=\"wpb_column vc_column_container vc_col-sm-12\"><div class=\"vc_column-inner\"><div class=\"wpb_wrapper\">\n\t<div class=\"wpb_text_column wpb_content_element\" >\n\t\t<div class=\"wpb_wrapper\">\n\t\t\t<p>[mc4wp_form id=&#8221;357&#8243;]<\/p>\n\n\t\t<\/div>\n\t<\/div>\n<\/div><\/div><\/div><\/div><div id=\"seofy_spacer_69e0772a74b34\" class =\"seofy_module_spacing responsive_active\"><div class=\"spacing_size spacing_size-initial\" style=\"height:162px;\"><\/div><div class=\"spacing_size spacing_size-tablet\" style=\"height:100px;\"><\/div><\/div>  \n<\/div><\/div><\/div><\/div><div class=\"vc_row-full-width vc_clearfix\"><\/div><div  class=\"vc_row wpb_row vc_row-fluid\"><div class=\"wpb_column vc_column_container vc_col-sm-12\"><div class=\"vc_column-inner\"><div class=\"wpb_wrapper\"><div  class =\"seofy_module_spacing\"><div class=\"spacing_size spacing_size-initial\" style=\"height:75px;\"><\/div><\/div>  \n<div class=\"vc_row wpb_row vc_inner vc_row-fluid\"><div class=\"wpb_column vc_column_container vc_col-sm-10 vc_col-md-offset-0 vc_col-md-6 vc_col-sm-offset-2\"><div class=\"vc_column-inner\"><div class=\"wpb_wrapper\">\n\t<div class=\"wpb_text_column wpb_content_element\" >\n\t\t<div class=\"wpb_wrapper\">\n\t\t\t<p><img loading=\"lazy\" decoding=\"async\" class=\"alignnone size-full wp-image-1104\" src=\"https:\/\/holamediamarketing.com\/wp-content\/uploads\/2018\/11\/services2_bg_3.jpg\" alt=\"\" width=\"545\" height=\"528\" srcset=\"https:\/\/holamediamarketing.com\/wp-content\/uploads\/2018\/11\/services2_bg_3.jpg 545w, https:\/\/holamediamarketing.com\/wp-content\/uploads\/2018\/11\/services2_bg_3-300x291.jpg 300w\" sizes=\"auto, (max-width: 545px) 100vw, 545px\" \/><\/p>\n\n\t\t<\/div>\n\t<\/div>\n<div id=\"seofy_spacer_69e0772a74e89\" class =\"seofy_module_spacing responsive_active\"><div class=\"spacing_size spacing_size-initial\" style=\"height:0px;\"><\/div><div class=\"spacing_size spacing_size-desktops\" style=\"height:45px;\"><\/div><\/div>  \n<\/div><\/div><\/div><div class=\"wpb_column vc_column_container vc_col-sm-12 vc_col-lg-offset-1 vc_col-lg-5 vc_col-md-6\"><div class=\"vc_column-inner\"><div class=\"wpb_wrapper\"><div id=\"seofy_dbl_69e0772a74f7a\" class=\"seofy_module_double_headings aleft\"><div class=\"heading_title\" style=\"font-size:36px; line-height:1.333; font-weight:800; \"><span class=\"heading_divider\"><\/span><div class=\"heading_title_mobile\" style=\"font-size:33px; line-height: 1.333;\"><div>Genere m\u00e1s tr\u00e1fico local a su negocio<\/div><\/div><\/div><\/div>  \n<div  class =\"seofy_module_spacing\"><div class=\"spacing_size spacing_size-initial\" style=\"height:19px;\"><\/div><\/div>  \n<div class =\"seofy_module_text\" style=\"font-size:18px;line-height:30px;\">Desde especialistas en SEO locales hasta analistas web t\u00e9cnicos, nuestro equipo crea estrategias personalizadas para ayudar a que su negocio se posicione en su ciudad y \u00e1reas circundantes.<\/div>  \n<div  class =\"seofy_module_spacing\"><div class=\"spacing_size spacing_size-initial\" style=\"height:40px;\"><\/div><\/div>  \n<div class=\"seofy_module_progress_bar\"><div id=\"progress_69e0772a750ee1\" class=\"progress_bar_wrap\"><div class=\"progress_bar\" data-width=\"70\"><div class=\"progress_label_wrap\"><h5 class=\"progress_label\">Estrategia de SEO local<\/h5><\/div><\/div><div class=\"progress_value_wrap\"><span class=\"progress_value\">70<\/span><span class=\"progress_units\">%<\/span><\/div><\/div><div id=\"progress_69e0772a750f82\" class=\"progress_bar_wrap\"><div class=\"progress_bar\" data-width=\"95\"><div class=\"progress_label_wrap\"><h5 class=\"progress_label\">Investigaci\u00f3n de mercado local<\/h5><\/div><\/div><div class=\"progress_value_wrap\"><span class=\"progress_value\">95<\/span><span class=\"progress_units\">%<\/span><\/div><\/div><div id=\"progress_69e0772a750fc3\" class=\"progress_bar_wrap\"><div class=\"progress_bar\" data-width=\"55\"><div class=\"progress_label_wrap\"><h5 class=\"progress_label\">Auditor\u00eda de sitios web y mapas<\/h5><\/div><\/div><div class=\"progress_value_wrap\"><span class=\"progress_value\">55<\/span><span class=\"progress_units\">%<\/span><\/div><\/div><\/div><\/div><\/div><\/div><\/div><div  class =\"seofy_module_spacing\"><div class=\"spacing_size spacing_size-initial\" style=\"height:65px;\"><\/div><\/div>  \n<\/div><\/div><\/div><\/div><div  data-vc-full-width=\"true\" data-vc-full-width-init=\"false\" class=\"vc_row wpb_row vc_row-fluid vc_custom_1543234980580 vc_row-has-fill\"><div class=\"wpb_column vc_column_container vc_col-sm-12 vc_hidden-lg vc_hidden-md vc_hidden-sm vc_hidden-xs\"><div class=\"vc_column-inner\"><div class=\"wpb_wrapper\"><div class=\"vc_row wpb_row vc_inner vc_row-fluid\"><div class=\"wpb_column vc_column_container vc_col-sm-12 vc_col-lg-offset-3 vc_col-lg-6 vc_col-md-offset-2 vc_col-md-8\"><div class=\"vc_column-inner\"><div class=\"wpb_wrapper\"><div id=\"seofy_spacer_69e0772a75445\" class =\"seofy_module_spacing responsive_active\"><div class=\"spacing_size spacing_size-initial\" style=\"height:65px;\"><\/div><div class=\"spacing_size spacing_size-tablet\" style=\"height:30px;\"><\/div><\/div>  \n<div id=\"seofy_dbl_69e0772a75478\" class=\"seofy_module_double_headings acenter\"><div class=\"heading_title\" style=\"font-size:36px; line-height:1.333; font-weight:800; \"><span class=\"heading_divider\"><\/span><div class=\"heading_title_mobile\" style=\"font-size:33px; line-height: 1.333;\"><div>Read Our Latest News<\/div><\/div><\/div><\/div>  \n<div  class =\"seofy_module_spacing\"><div class=\"spacing_size spacing_size-initial\" style=\"height:10px;\"><\/div><\/div>  \n<div class =\"seofy_module_text\" style=\"font-size:18px;line-height:30px;\">\n<p style=\"text-align: center;\">SEO &amp; search marketing news and chatter from Seofy. As well as these existing tools, we\u2019re in the unique position.<\/p>\n<\/div>  \n<div  class =\"seofy_module_spacing\"><div class=\"spacing_size spacing_size-initial\" style=\"height:310px;\"><\/div><\/div>  \n<\/div><\/div><\/div><\/div><\/div><\/div><\/div><\/div><div class=\"vc_row-full-width vc_clearfix\"><\/div><div  class=\"vc_row wpb_row vc_row-fluid vc_custom_1543223807877\"><div class=\"wpb_column vc_column_container vc_col-sm-12\"><div class=\"vc_column-inner vc_custom_1543239235885\"><div class=\"wpb_wrapper\"><div  class =\"seofy_module_spacing\"><div class=\"spacing_size spacing_size-initial\" style=\"height:60px;\"><\/div><\/div>  \n<\/div><\/div><\/div><\/div>","protected":false},"excerpt":{"rendered":"Local SEO That Gets You Found If your customers are nearby, your business should be too\u2014at the top of local search results. We help you rank higher on Google Maps and local listings by optimizing your website, Google Business Profile, and local signals. With over 90% of consumers searching online for local businesses, local SEO [...]","protected":false},"author":1,"featured_media":0,"parent":0,"menu_order":0,"comment_status":"closed","ping_status":"closed","template":"","meta":{"footnotes":""},"class_list":["post-924","page","type-page","status-publish","hentry"],"_links":{"self":[{"href":"https:\/\/holamediamarketing.com\/es\/wp-json\/wp\/v2\/pages\/924","targetHints":{"allow":["GET"]}}],"collection":[{"href":"https:\/\/holamediamarketing.com\/es\/wp-json\/wp\/v2\/pages"}],"about":[{"href":"https:\/\/holamediamarketing.com\/es\/wp-json\/wp\/v2\/types\/page"}],"author":[{"embeddable":true,"href":"https:\/\/holamediamarketing.com\/es\/wp-json\/wp\/v2\/users\/1"}],"replies":[{"embeddable":true,"href":"https:\/\/holamediamarketing.com\/es\/wp-json\/wp\/v2\/comments?post=924"}],"version-history":[{"count":5,"href":"https:\/\/holamediamarketing.com\/es\/wp-json\/wp\/v2\/pages\/924\/revisions"}],"predecessor-version":[{"id":2209,"href":"https:\/\/holamediamarketing.com\/es\/wp-json\/wp\/v2\/pages\/924\/revisions\/2209"}],"wp:attachment":[{"href":"https:\/\/holamediamarketing.com\/es\/wp-json\/wp\/v2\/media?parent=924"}],"curies":[{"name":"wp","href":"https:\/\/api.w.org\/{rel}","templated":true}]}}