{"id":947,"date":"2018-11-26T14:08:34","date_gmt":"2018-11-26T14:08:34","guid":{"rendered":"https:\/\/seofy.wgl-demo.net\/?page_id=947"},"modified":"2018-11-26T14:08:34","modified_gmt":"2018-11-26T14:08:34","slug":"services-3","status":"publish","type":"page","link":"https:\/\/holamediamarketing.com\/es\/services-3\/","title":{"rendered":"PPC Services"},"content":{"rendered":"<div  class=\"vc_row wpb_row vc_row-fluid\"><div class=\"wpb_column vc_column_container vc_col-sm-12\"><div class=\"vc_column-inner\"><div class=\"wpb_wrapper\"><div  class =\"seofy_module_spacing\"><div class=\"spacing_size spacing_size-initial\" style=\"height:18px;\"><\/div><\/div>  \n<div class=\"vc_row wpb_row vc_inner vc_row-fluid vc_row-o-content-middle vc_row-flex\"><div class=\"wpb_column vc_column_container vc_col-sm-12 vc_col-lg-5 vc_col-md-6\"><div class=\"vc_column-inner\"><div class=\"wpb_wrapper\"><div id=\"seofy_dbl_69e74de7ba633\" class=\"seofy_module_double_headings aleft\"><div class=\"heading_title\" style=\"font-size:36px; line-height:1.333; font-weight:800; \"><span class=\"heading_divider\"><\/span><div class=\"heading_title_mobile\" style=\"font-size:33px; line-height: 1.333;\"><div>Pay for Qualified Traffic<\/div><\/div><\/div><\/div>  \n<div  class =\"seofy_module_spacing\"><div class=\"spacing_size spacing_size-initial\" style=\"height:19px;\"><\/div><\/div>  \n<div class =\"seofy_module_text\" style=\"font-size:18px;line-height:30px;\">We are an experienced and talented team of passionate consultants <span>who breathe with search engine marketing.<\/span><\/div>  \n<div  class =\"seofy_module_spacing\"><div class=\"spacing_size spacing_size-initial\" style=\"height:30px;\"><\/div><\/div>  \n<div id=\"seofy_infobox_69e74de7bae75\" class=\"seofy_module_infobox type_default layout_left infobox_alignment_left\"><div class=\"infobox_wrapper\"><div class=\"infobox_icon_wrapper\"  style=\"margin-right:25px; \"><div class=\"infobox_icon_container ib_gradient\" style=\"width:50px; height:50px; \"><i class=\"infobox_icon flaticon-zoom-in\"  style=\"font-size:25px;\"><\/i><\/div><\/div><div class=\"infobox_content_wrapper\"><h3 class=\"infobox_title\" >PPC Strategy<\/h3><div class=\"infobox_content\">Creamos una estrategia de contenido exhaustiva para su organizaci\u00f3n que producir\u00e1 tr\u00e1fico de clientes a su sitio web<\/div><\/div><\/div><\/div><div  class =\"seofy_module_spacing\"><div class=\"spacing_size spacing_size-initial\" style=\"height:26px;\"><\/div><\/div>  \n<div id=\"seofy_infobox_69e74de7bb01b\" class=\"seofy_module_infobox type_default layout_left infobox_alignment_left\"><div class=\"infobox_wrapper\"><div class=\"infobox_icon_wrapper\"  style=\"margin-right:25px; \"><div class=\"infobox_icon_container ib_gradient\" style=\"width:50px; height:50px; \"><i class=\"infobox_icon flaticon-skills\"  style=\"font-size:25px;\"><\/i><\/div><\/div><div class=\"infobox_content_wrapper\"><h3 class=\"infobox_title\" >Ad Copywriting<\/h3><div class=\"infobox_content\">Ayudamos a mejorar las empresas B2B a involucrar a los compradores a lo largo del viaje de los compradores utilizando SEO.<\/div><\/div><\/div><\/div><div  class =\"seofy_module_spacing\"><div class=\"spacing_size spacing_size-initial\" style=\"height:26px;\"><\/div><\/div>  \n<div id=\"seofy_infobox_69e74de7bb15c\" class=\"seofy_module_infobox type_default layout_left infobox_alignment_left\"><div class=\"infobox_wrapper\"><div class=\"infobox_icon_wrapper\"  style=\"margin-right:25px; \"><div class=\"infobox_icon_container ib_gradient\" style=\"width:50px; height:50px; \"><i class=\"infobox_icon flaticon-gear-3\"  style=\"font-size:25px;\"><\/i><\/div><\/div><div class=\"infobox_content_wrapper\"><h3 class=\"infobox_title\" >PPC Optimization<\/h3><div class=\"infobox_content\">Las conversiones pueden ser suscripciones a sitios web, mayores ingresos por transacciones, mayores compras.<\/div><\/div><\/div><\/div><div id=\"seofy_spacer_69e74de7bb235\" class =\"seofy_module_spacing responsive_active\"><div class=\"spacing_size spacing_size-initial\" style=\"height:0px;\"><\/div><div class=\"spacing_size spacing_size-tablet\" style=\"height:50px;\"><\/div><\/div>  \n<\/div><\/div><\/div><div class=\"wpb_column vc_column_container vc_col-sm-12 vc_col-lg-7 vc_col-md-6\"><div class=\"vc_column-inner\"><div class=\"wpb_wrapper\">\n\t<div class=\"wpb_text_column wpb_content_element\" >\n\t\t<div class=\"wpb_wrapper\">\n\t\t\t<p><img loading=\"lazy\" decoding=\"async\" class=\"size-full wp-image-1145 aligncenter\" src=\"https:\/\/holamediamarketing.com\/wp-content\/uploads\/2018\/11\/services3_bg_1_545\u0445568.jpg\" alt=\"\" width=\"545\" height=\"568\" srcset=\"https:\/\/holamediamarketing.com\/wp-content\/uploads\/2018\/11\/services3_bg_1_545\u0445568.jpg 545w, https:\/\/holamediamarketing.com\/wp-content\/uploads\/2018\/11\/services3_bg_1_545\u0445568-288x300.jpg 288w\" sizes=\"auto, (max-width: 545px) 100vw, 545px\" \/><\/p>\n\n\t\t<\/div>\n\t<\/div>\n<\/div><\/div><\/div><\/div><div id=\"seofy_spacer_69e74de7bb45c\" class =\"seofy_module_spacing responsive_active\"><div class=\"spacing_size spacing_size-initial\" style=\"height:90px;\"><\/div><div class=\"spacing_size spacing_size-tablet\" style=\"height:70px;\"><\/div><\/div>  \n<\/div><\/div><\/div><\/div><div  data-vc-full-width=\"true\" data-vc-full-width-init=\"false\" class=\"vc_row wpb_row vc_row-fluid vc_custom_1543302230758 vc_row-has-fill\"><div class=\"wpb_column vc_column_container vc_col-sm-12\"><div class=\"vc_column-inner\"><div class=\"wpb_wrapper\"><div class=\"vc_row wpb_row vc_inner vc_row-fluid\"><div class=\"wpb_column vc_column_container vc_col-sm-12 vc_col-lg-offset-3 vc_col-lg-6 vc_col-md-offset-2 vc_col-md-8\"><div class=\"vc_column-inner\"><div class=\"wpb_wrapper\"><div id=\"seofy_spacer_69e74de7bb7c9\" class =\"seofy_module_spacing responsive_active\"><div class=\"spacing_size spacing_size-initial\" style=\"height:66px;\"><\/div><div class=\"spacing_size spacing_size-tablet\" style=\"height:30px;\"><\/div><\/div>  \n<div id=\"seofy_dbl_69e74de7bb80c\" class=\"seofy_module_double_headings acenter\"><div class=\"heading_title\" style=\"font-size:36px; line-height:1.333; font-weight:800; \"><span class=\"heading_divider\"><\/span><div class=\"heading_title_mobile\" style=\"font-size:35px; line-height: 1.333;\"><div>Choose Your Best Plan<\/div><\/div><\/div><\/div>  \n<div  class =\"seofy_module_spacing\"><div class=\"spacing_size spacing_size-initial\" style=\"height:10px;\"><\/div><\/div>  \n<div class =\"seofy_module_text\" style=\"font-size:18px;line-height:30px;\">\n<p style=\"text-align: center;\">We enjoy adapting our strategies to offer every client the best solutions that are at the forefront of the industry.<\/p>\n<\/div>  \n<div  class =\"seofy_module_spacing\"><div class=\"spacing_size spacing_size-initial\" style=\"height:20px;\"><\/div><\/div>  \n<\/div><\/div><\/div><\/div><div class=\"vc_row wpb_row vc_inner vc_row-fluid\"><div class=\"wpb_column vc_column_container vc_col-sm-12 vc_col-lg-4 vc_col-md-6\"><div class=\"vc_column-inner\"><div class=\"wpb_wrapper\"><div id=\"seofy_pricing_plan_69e74de7bbdac\" class=\"seofy_module_pricing_plan\"><div class=\"pricing_plan_wrap\"><div class=\"pricing_header\" ><h4 class=\"pricing_title\" style=\"border-color: #ff7d00;\">B\u00e1sic<\/h4><div class=\"pricing_price_wrap\"><span class=\"pricing_cur\">$<\/span><div class=\"pricing_price\">59<span class=\"price_decimal\">99<\/span><\/div><\/div><div class=\"pricing_desc\">per month<\/div><\/div><div class=\"pricing_content\">\n<ul>\n<li><b>25 Analytics<\/b> Campaign<\/li>\n<li><b>1,300Change<\/b> Keywords<\/li>\n<li><b>25 Social<\/b> Media Reviews<\/li>\n<li><b>1 Free<\/b> Optimization<\/li>\n<li><b>24\/7<\/b> Support<\/li>\n<\/ul>\n<\/div><div class=\"pricing_footer\"><div id=\"seofy_button_69e74de7bc1bf\" class=\"seofy_module_button wgl_button wgl_button-l wgl_button-full button_gradient acenter\"><a href=\"https:\/\/themeforest.net\/user\/webgeniuslab\/portfolio\" style=\"border-width:1px; \" class=\"wgl_button_link\">BUY NOW<span class=\"button_border_gradient\"><\/span><\/a><\/div>\n<\/div><\/div><\/div>  \n<\/div><\/div><\/div><div class=\"wpb_column vc_column_container vc_col-sm-12 vc_col-lg-4 vc_col-md-6\"><div class=\"vc_column-inner\"><div class=\"wpb_wrapper\"><div id=\"seofy_pricing_plan_69e74de7bc354\" class=\"seofy_module_pricing_plan\"><div class=\"pricing_plan_wrap\" style=\"background: url(https:\/\/holamediamarketing.com\/wp-content\/uploads\/2018\/11\/pricing-table_bg.jpg) center \/ cover\"><div class=\"pricing_header\" ><h4 class=\"pricing_title\" style=\"border-color: #ffffff;\">Ultra<\/h4><div class=\"pricing_price_wrap\"><span class=\"pricing_cur\">$<\/span><div class=\"pricing_price\">69<span class=\"price_decimal\">99<\/span><\/div><\/div><div class=\"pricing_desc\">per month<\/div><\/div><div class=\"pricing_content\">\n<ul>\n<li style=\"color: #ffffff;\"><b style=\"color: inherit;\">25 Analytics<\/b> Campaign<\/li>\n<li style=\"color: #ffffff;\"><b style=\"color: inherit;\">1,300Change<\/b> Keywords<\/li>\n<li style=\"color: #ffffff;\"><b style=\"color: inherit;\">25 Social<\/b> Media Reviews<\/li>\n<li style=\"color: #ffffff;\"><b style=\"color: inherit;\">1 Free<\/b> Optimization<\/li>\n<li style=\"color: #ffffff;\"><b style=\"color: inherit;\">24\/7<\/b> Support<\/li>\n<\/ul>\n<\/div><div class=\"pricing_footer\"><div id=\"seofy_button_69e74de7bc480\" class=\"seofy_module_button wgl_button wgl_button-l wgl_button-full button_color acenter\"><a href=\"https:\/\/themeforest.net\/user\/webgeniuslab\/portfolio\" style=\"border-width:1px; \" class=\"wgl_button_link\">BUY NOW<\/a><\/div>\n<\/div><\/div><\/div>  \n<\/div><\/div><\/div><div class=\"wpb_column vc_column_container vc_col-sm-12 vc_col-lg-offset-0 vc_col-lg-4 vc_col-md-offset-3 vc_col-md-6\"><div class=\"vc_column-inner\"><div class=\"wpb_wrapper\"><div id=\"seofy_pricing_plan_69e74de7bc9fe\" class=\"seofy_module_pricing_plan\"><div class=\"pricing_plan_wrap\"><div class=\"pricing_header\" ><h4 class=\"pricing_title\" style=\"border-color: #69e9f2;\">PRO<\/h4><div class=\"pricing_price_wrap\"><span class=\"pricing_cur\">$<\/span><div class=\"pricing_price\">79<span class=\"price_decimal\">99<\/span><\/div><\/div><div class=\"pricing_desc\">per month<\/div><\/div><div class=\"pricing_content\">\n<ul>\n<li><b>25 Analytics<\/b> Campaign<\/li>\n<li><b>1,300Change<\/b> Keywords<\/li>\n<li><b>25 Social<\/b> Media Reviews<\/li>\n<li><b>1 Free<\/b> Optimization<\/li>\n<li><b>24\/7<\/b> Support<\/li>\n<\/ul>\n<\/div><div class=\"pricing_footer\"><div id=\"seofy_button_69e74de7bcbb0\" class=\"seofy_module_button wgl_button wgl_button-l wgl_button-full button_gradient acenter\"><a href=\"https:\/\/themeforest.net\/user\/webgeniuslab\/portfolio\" style=\"border-width:1px; \" class=\"wgl_button_link\">BUY NOW<span class=\"button_border_gradient\"><\/span><\/a><\/div>\n<\/div><\/div><\/div>  \n<\/div><\/div><\/div><\/div><div  class =\"seofy_module_spacing\"><div class=\"spacing_size spacing_size-initial\" style=\"height:61px;\"><\/div><\/div>  \n<div class=\"seofy_module_clients clearfix item_anim-ex_images\"><div class=\"seofy_module_carousel-wrapper\"><div id=\"seofy_carousel_69e74de7be3ba\" class=\"seofy_module_carousel pag_align_center\"><div class=\"seofy_carousel_slick\" data-slick='{\"slidesToShow\":5,\"slidesToScroll\":1,\"infinite\":true,\"autoplay\":true,\"autoplaySpeed\":\"3000\",\"speed\":300,\"arrows\":false,\"dots\":false,\"adaptiveHeight\":false,\"responsive\":[{\"breakpoint\":1025,\"settings\":{\"slidesToShow\":4,\"slidesToScroll\":1}},{\"breakpoint\":800,\"settings\":{\"slidesToShow\":2,\"slidesToScroll\":1}},{\"breakpoint\":480,\"settings\":{\"slidesToShow\":1,\"slidesToScroll\":1}}]}'><div class=\"clients_image\"><a href=\"http:\/\/holamediamarketing.com\/es\/clients\/\"  class=\"image_link\" ><img decoding=\"async\" class=\"main_image\" src=\"https:\/\/holamediamarketing.com\/wp-content\/uploads\/2018\/11\/Client_1_maxpaper_filter.png\" alt=\"\" \/><img decoding=\"async\" class=\"hover_image\" src=\"https:\/\/holamediamarketing.com\/wp-content\/uploads\/2018\/11\/Client_1_maxpaper.png\" alt=\"\" \/><\/a><\/div><div class=\"clients_image\"><a href=\"http:\/\/holamediamarketing.com\/es\/clients\/\"  class=\"image_link\" ><img decoding=\"async\" class=\"main_image\" src=\"https:\/\/holamediamarketing.com\/wp-content\/uploads\/2018\/11\/Client_2_laborator_filter.png\" alt=\"\" \/><img decoding=\"async\" class=\"hover_image\" src=\"https:\/\/holamediamarketing.com\/wp-content\/uploads\/2018\/11\/Client_2_laborator.png\" alt=\"\" \/><\/a><\/div><div class=\"clients_image\"><a href=\"http:\/\/holamediamarketing.com\/es\/clients\/\"  class=\"image_link\" ><img decoding=\"async\" class=\"main_image\" src=\"https:\/\/holamediamarketing.com\/wp-content\/uploads\/2018\/11\/Client_3_honeyhosting_filter.png\" alt=\"\" \/><img decoding=\"async\" class=\"hover_image\" src=\"https:\/\/holamediamarketing.com\/wp-content\/uploads\/2018\/11\/Client_3_honeyhosting.png\" alt=\"\" \/><\/a><\/div><div class=\"clients_image\"><a href=\"http:\/\/holamediamarketing.com\/es\/clients\/\"  class=\"image_link\" ><img decoding=\"async\" class=\"main_image\" src=\"https:\/\/holamediamarketing.com\/wp-content\/uploads\/2018\/11\/Client_4_cryptonite_filter.png\" alt=\"\" \/><img decoding=\"async\" class=\"hover_image\" src=\"https:\/\/holamediamarketing.com\/wp-content\/uploads\/2018\/11\/Client_4_cryptonite.png\" alt=\"\" \/><\/a><\/div><div class=\"clients_image\"><a href=\"http:\/\/holamediamarketing.com\/es\/clients\/\"  class=\"image_link\" ><img decoding=\"async\" class=\"main_image\" src=\"https:\/\/holamediamarketing.com\/wp-content\/uploads\/2018\/11\/Client_5_dynamic_filter.png\" alt=\"\" \/><img decoding=\"async\" class=\"hover_image\" src=\"https:\/\/holamediamarketing.com\/wp-content\/uploads\/2018\/11\/Client_5_dynamic.png\" alt=\"\" \/><\/a><\/div><div class=\"clients_image\"><a href=\"http:\/\/holamediamarketing.com\/es\/clients\/\"  class=\"image_link\" ><img decoding=\"async\" class=\"main_image\" src=\"https:\/\/holamediamarketing.com\/wp-content\/uploads\/2018\/12\/lient_6_deters_filter-1.png\" alt=\"\" \/><img decoding=\"async\" class=\"hover_image\" src=\"https:\/\/holamediamarketing.com\/wp-content\/uploads\/2018\/12\/lient_6_deters-1.png\" alt=\"\" \/><\/a><\/div><\/div><\/div><\/div><\/div><div  class =\"seofy_module_spacing\"><div class=\"spacing_size spacing_size-initial\" style=\"height:64px;\"><\/div><\/div>  \n<\/div><\/div><\/div><\/div><div class=\"vc_row-full-width vc_clearfix\"><\/div><div  class=\"vc_row wpb_row vc_row-fluid\"><div class=\"wpb_column vc_column_container vc_col-sm-12\"><div class=\"vc_column-inner\"><div class=\"wpb_wrapper\"><div  class =\"seofy_module_spacing\"><div class=\"spacing_size spacing_size-initial\" style=\"height:55px;\"><\/div><\/div>  \n<div class=\"vc_row wpb_row vc_inner vc_row-fluid vc_row-o-content-middle vc_row-flex\"><div class=\"wpb_column vc_column_container vc_col-sm-12 vc_col-md-5\"><div class=\"vc_column-inner\"><div class=\"wpb_wrapper\"><div id=\"seofy_dbl_69e74de7be865\" class=\"seofy_module_double_headings aleft\"><div class=\"heading_title\" style=\"font-size:36px; line-height:1.333; font-weight:800; \"><span class=\"heading_divider\"><\/span><div class=\"heading_title_mobile\" style=\"font-size:30px; line-height: 1.333;\"><div>Best PPC Agency in<br \/>\nEurope: Winner<\/div><\/div><\/div><\/div>  \n<div  class =\"seofy_module_spacing\"><div class=\"spacing_size spacing_size-initial\" style=\"height:19px;\"><\/div><\/div>  \n<div class =\"seofy_module_text\" style=\"font-size:18px;line-height:30px;\">\n<p style=\"text-align: left;\"><span>Paid search marketing is the quickest and most controllable way to get your business in front of people who are looking for your products. You pay only for qualified traffic, thus it&#8217;s easy to control the budget.<\/span><\/p>\n<\/div>  \n<div  class =\"seofy_module_spacing\"><div class=\"spacing_size spacing_size-initial\" style=\"height:40px;\"><\/div><\/div>  \n<div id=\"seofy_video_69e74de7becdc\" class=\"seofy_module_videobox button_align-left title_pos-right animation_ring always-pulse-animation\"><div class=\"videobox_content\"><h2 class=\"title\" style=\"color: #252525;\" >Play Now<\/h2><a data-rel=\"youtube-69e74de7bed36\" class=\"videobox_link videobox\" href=\"https:\/\/www.youtube.com\/watch?v=AvLcKBOONgs&#038;t=10\"><svg class=\"videobox_icon\" width=\"31%\" height=\"35%\" fill=\"#ffffff\" viewbox=\"0 0 232 232\"><path d=\"M203,99L49,2.3c-4.5-2.7-10.2-2.2-14.5-2.2 c-17.1,0-17,13-17,16.6v199c0,2.8-0.07,16.6,17,16.6c4.3,0,10,0.4,14.5-2.2 l154-97c12.7-7.5,10.5-16.5,10.5-16.5S216,107,204,100z\"\/><\/svg><div class=\"videobox_animation ring_1\"><\/div><\/a><\/div><\/div><div id=\"seofy_spacer_69e74de7bed7c\" class =\"seofy_module_spacing responsive_active\"><div class=\"spacing_size spacing_size-initial\" style=\"height:0px;\"><\/div><div class=\"spacing_size spacing_size-tablet\" style=\"height:50px;\"><\/div><\/div>  \n<\/div><\/div><\/div><div class=\"wpb_column vc_column_container vc_col-sm-12 vc_col-lg-offset-1 vc_col-lg-6 vc_col-md-7\"><div class=\"vc_column-inner\"><div class=\"wpb_wrapper\">\n<div class=\"vc_chart vc_round-chart wpb_content_element vc_custom_1543315635712\" data-vc-legend=\"1\" data-vc-tooltips=\"1\" data-vc-animation=\"easeInOutCubic\" data-vc-stroke-color=\"#ffffff\" data-vc-stroke-width=\"5\" data-vc-type=\"doughnut\" data-vc-values=\"[{&quot;value&quot;:45,&quot;color&quot;:&quot;#54f1dd&quot;,&quot;highlight&quot;:&quot;#25edd4&quot;,&quot;label&quot;:&quot;Optimization&quot;},{&quot;value&quot;:9,&quot;color&quot;:&quot;#1307af&quot;,&quot;highlight&quot;:&quot;#0e057e&quot;,&quot;label&quot;:&quot;PPC Analysis&quot;},{&quot;value&quot;:32,&quot;color&quot;:&quot;#3224e9&quot;,&quot;highlight&quot;:&quot;#2114c6&quot;,&quot;label&quot;:&quot;Advertising&quot;},{&quot;value&quot;:5,&quot;color&quot;:&quot;#12affe&quot;,&quot;highlight&quot;:&quot;#0193dc&quot;,&quot;label&quot;:&quot;PPC Audit&quot;},{&quot;value&quot;:9,&quot;color&quot;:&quot;#69e9f2&quot;,&quot;highlight&quot;:&quot;#3ae2ee&quot;,&quot;label&quot;:&quot;Remarketing&quot;}]\">\n\t\n\t<div class=\"wpb_wrapper\">\n\t\t<div class=\"vc_chart-with-legend\"><canvas class=\"vc_round-chart-canvas\" width=\"1\" height=\"1\"><\/canvas><\/div><ul class=\"vc_chart-legend\"><li><span style=\"background-color:#54f1dd\"><\/span>Optimization<\/li><li><span style=\"background-color:#1307af\"><\/span>PPC Analysis<\/li><li><span style=\"background-color:#3224e9\"><\/span>Advertising<\/li><li><span style=\"background-color:#12affe\"><\/span>PPC Audit<\/li><li><span style=\"background-color:#69e9f2\"><\/span>Remarketing<\/li><\/ul>\n\t<\/div>\n<\/div>\n<\/div><\/div><\/div><\/div><div  class =\"seofy_module_spacing\"><div class=\"spacing_size spacing_size-initial\" style=\"height:80px;\"><\/div><\/div>  \n<\/div><\/div><\/div><\/div>","protected":false},"excerpt":{"rendered":"Pay for Qualified Traffic We are an experienced and talented team of passionate consultants who breathe with search engine marketing. PPC StrategyWe build a thorough content strategy for your organization that touches upon high-level messaging. Ad CopywritingWe help improve B2B companies engage buyers throughout the buyers&#039; journey using SEO. PPC OptimizationConversions can be website sign-ups, [...]","protected":false},"author":1,"featured_media":0,"parent":0,"menu_order":0,"comment_status":"closed","ping_status":"closed","template":"","meta":{"footnotes":""},"class_list":["post-947","page","type-page","status-publish","hentry"],"_links":{"self":[{"href":"https:\/\/holamediamarketing.com\/es\/wp-json\/wp\/v2\/pages\/947","targetHints":{"allow":["GET"]}}],"collection":[{"href":"https:\/\/holamediamarketing.com\/es\/wp-json\/wp\/v2\/pages"}],"about":[{"href":"https:\/\/holamediamarketing.com\/es\/wp-json\/wp\/v2\/types\/page"}],"author":[{"embeddable":true,"href":"https:\/\/holamediamarketing.com\/es\/wp-json\/wp\/v2\/users\/1"}],"replies":[{"embeddable":true,"href":"https:\/\/holamediamarketing.com\/es\/wp-json\/wp\/v2\/comments?post=947"}],"version-history":[{"count":0,"href":"https:\/\/holamediamarketing.com\/es\/wp-json\/wp\/v2\/pages\/947\/revisions"}],"wp:attachment":[{"href":"https:\/\/holamediamarketing.com\/es\/wp-json\/wp\/v2\/media?parent=947"}],"curies":[{"name":"wp","href":"https:\/\/api.w.org\/{rel}","templated":true}]}}